{"id":184048,"date":"2025-10-24T21:32:22","date_gmt":"2025-10-24T21:32:22","guid":{"rendered":"https:\/\/iber.market\/?post_type=product&#038;p=184048"},"modified":"2025-10-24T21:32:23","modified_gmt":"2025-10-24T21:32:23","slug":"tomates-frites-en-conserve","status":"publish","type":"product","link":"https:\/\/iber.market\/fr\/product\/tomates-frites-en-conserve\/","title":{"rendered":"Tomates en conserve Frito"},"content":{"rendered":"<p>D\u00e9couvrez le Tomate Frito Lata de HIDA, \u00e9labor\u00e9 avec la qualit\u00e9 et la saveur qui repr\u00e9sentent l'essence de la gastronomie espagnole. Id\u00e9al pour ceux qui vivent en dehors de l'Espagne et veulent revivre les saveurs de leur pays, ou pour ceux qui veulent d\u00e9couvrir la cuisine espagnole authentique. Chaque bouch\u00e9e offre une exp\u00e9rience pleine de tradition, de qualit\u00e9 et de plaisir culinaire. Parfait pour partager, offrir ou savourer en toute occasion avec un vrai go\u00fbt d'Espagne.<\/p>","protected":false},"excerpt":{"rendered":"<p>Le Tomate Frito Lata de HIDA, un produit espagnol au go\u00fbt authentique qui pla\u00eet aux personnes vivant en Europe et aux \u00e9trangers qui appr\u00e9cient la cuisine espagnole traditionnelle.<\/p>","protected":false},"featured_media":184049,"template":"","meta":[],"product_brand":[322],"product_cat":[132],"product_tag":[],"class_list":{"0":"post-184048","1":"product","2":"type-product","3":"status-publish","4":"has-post-thumbnail","6":"product_brand-hida","7":"product_cat-conservas-vegetales-y-tomate","9":"first","10":"instock","11":"taxable","12":"shipping-taxable","13":"purchasable","14":"product-type-simple"},"jetpack_sharing_enabled":true,"_links":{"self":[{"href":"https:\/\/iber.market\/fr\/wp-json\/wp\/v2\/product\/184048","targetHints":{"allow":["GET"]}}],"collection":[{"href":"https:\/\/iber.market\/fr\/wp-json\/wp\/v2\/product"}],"about":[{"href":"https:\/\/iber.market\/fr\/wp-json\/wp\/v2\/types\/product"}],"wp:featuredmedia":[{"embeddable":true,"href":"https:\/\/iber.market\/fr\/wp-json\/wp\/v2\/media\/184049"}],"wp:attachment":[{"href":"https:\/\/iber.market\/fr\/wp-json\/wp\/v2\/media?parent=184048"}],"wp:term":[{"taxonomy":"product_brand","embeddable":true,"href":"https:\/\/iber.market\/fr\/wp-json\/wp\/v2\/product_brand?post=184048"},{"taxonomy":"product_cat","embeddable":true,"href":"https:\/\/iber.market\/fr\/wp-json\/wp\/v2\/product_cat?post=184048"},{"taxonomy":"product_tag","embeddable":true,"href":"https:\/\/iber.market\/fr\/wp-json\/wp\/v2\/product_tag?post=184048"}],"curies":[{"name":"wp","href":"https:\/\/api.w.org\/{rel}","templated":true}]}}