{"id":183970,"date":"2025-10-24T20:44:14","date_gmt":"2025-10-24T20:44:14","guid":{"rendered":"https:\/\/iber.market\/?post_type=product&#038;p=183970"},"modified":"2025-10-24T21:00:49","modified_gmt":"2025-10-24T21:00:49","slug":"galletas-perro-rellenas-pollo-buey-salmon","status":"publish","type":"product","link":"https:\/\/iber.market\/fr\/product\/galletas-perro-rellenas-pollo-buey-salmon\/","title":{"rendered":"Galletas Perro Rellenas Pollo-Buey-Salm\u00f3n"},"content":{"rendered":"<p>Descubre Galletas Perro Rellenas Pollo-Buey-Salm\u00f3n de VITALITY, una delicia elaborada con la calidad y el sabor que caracterizan a Espa\u00f1a. Ideal para quienes viven en Europa y desean disfrutar de productos espa\u00f1oles genuinos, estas galletas y tortitas ofrecen una experiencia \u00fanica llena de tradici\u00f3n y gusto. Perfectas para compartir o darte un capricho con el aut\u00e9ntico sabor espa\u00f1ol, est\u00e9s donde est\u00e9s.<\/p>","protected":false},"excerpt":{"rendered":"<p>Galletas Perro Rellenas Pollo-Buey-Salm\u00f3n de VITALITY, un producto espa\u00f1ol con sabor aut\u00e9ntico que conquista a quienes aman la buena mesa.<\/p>","protected":false},"featured_media":183971,"template":"","meta":[],"product_brand":[313],"product_cat":[181],"product_tag":[],"class_list":{"0":"post-183970","1":"product","2":"type-product","3":"status-publish","4":"has-post-thumbnail","6":"product_brand-vitality","7":"product_cat-snacks-perros","9":"first","10":"instock","11":"taxable","12":"shipping-taxable","13":"purchasable","14":"product-type-simple"},"jetpack_sharing_enabled":true,"_links":{"self":[{"href":"https:\/\/iber.market\/fr\/wp-json\/wp\/v2\/product\/183970","targetHints":{"allow":["GET"]}}],"collection":[{"href":"https:\/\/iber.market\/fr\/wp-json\/wp\/v2\/product"}],"about":[{"href":"https:\/\/iber.market\/fr\/wp-json\/wp\/v2\/types\/product"}],"wp:featuredmedia":[{"embeddable":true,"href":"https:\/\/iber.market\/fr\/wp-json\/wp\/v2\/media\/183971"}],"wp:attachment":[{"href":"https:\/\/iber.market\/fr\/wp-json\/wp\/v2\/media?parent=183970"}],"wp:term":[{"taxonomy":"product_brand","embeddable":true,"href":"https:\/\/iber.market\/fr\/wp-json\/wp\/v2\/product_brand?post=183970"},{"taxonomy":"product_cat","embeddable":true,"href":"https:\/\/iber.market\/fr\/wp-json\/wp\/v2\/product_cat?post=183970"},{"taxonomy":"product_tag","embeddable":true,"href":"https:\/\/iber.market\/fr\/wp-json\/wp\/v2\/product_tag?post=183970"}],"curies":[{"name":"wp","href":"https:\/\/api.w.org\/{rel}","templated":true}]}}