{"id":13193,"date":"2025-08-22T18:57:25","date_gmt":"2025-08-22T18:57:25","guid":{"rendered":"https:\/\/lightgreen-hyena-937059.hostingersite.com\/?post_type=product&#038;p=13193"},"modified":"2025-10-04T06:36:43","modified_gmt":"2025-10-04T06:36:43","slug":"lecho-vegetal-para-pequenas-mascotas-nuske","status":"publish","type":"product","link":"https:\/\/iber.market\/fr\/product\/lecho-vegetal-para-pequenas-mascotas-nuske\/","title":{"rendered":"Liti\u00e8re pour petits animaux Nuske"},"content":{"rendered":"<p>Lecho vegetal natural para roedores y peque\u00f1as mascotas. Absorbente, higi\u00e9nico y respetuoso con el medio ambiente, ideal para mantener limpio el espacio de tu mascota.<\/p>","protected":false},"excerpt":{"rendered":"<p>Lecho vegetal natural para roedores y peque\u00f1as mascotas, ideal para su higiene.<\/p>","protected":false},"featured_media":13194,"template":"","meta":[],"product_brand":[],"product_cat":[186],"product_tag":[],"class_list":{"0":"post-13193","1":"product","2":"type-product","3":"status-publish","4":"has-post-thumbnail","6":"product_cat-alimentacion-roedores","8":"first","9":"instock","10":"taxable","11":"shipping-taxable","12":"purchasable","13":"product-type-simple"},"jetpack_sharing_enabled":true,"_links":{"self":[{"href":"https:\/\/iber.market\/fr\/wp-json\/wp\/v2\/product\/13193","targetHints":{"allow":["GET"]}}],"collection":[{"href":"https:\/\/iber.market\/fr\/wp-json\/wp\/v2\/product"}],"about":[{"href":"https:\/\/iber.market\/fr\/wp-json\/wp\/v2\/types\/product"}],"wp:featuredmedia":[{"embeddable":true,"href":"https:\/\/iber.market\/fr\/wp-json\/wp\/v2\/media\/13194"}],"wp:attachment":[{"href":"https:\/\/iber.market\/fr\/wp-json\/wp\/v2\/media?parent=13193"}],"wp:term":[{"taxonomy":"product_brand","embeddable":true,"href":"https:\/\/iber.market\/fr\/wp-json\/wp\/v2\/product_brand?post=13193"},{"taxonomy":"product_cat","embeddable":true,"href":"https:\/\/iber.market\/fr\/wp-json\/wp\/v2\/product_cat?post=13193"},{"taxonomy":"product_tag","embeddable":true,"href":"https:\/\/iber.market\/fr\/wp-json\/wp\/v2\/product_tag?post=13193"}],"curies":[{"name":"wp","href":"https:\/\/api.w.org\/{rel}","templated":true}]}}