{"id":13169,"date":"2025-08-22T18:54:59","date_gmt":"2025-08-22T18:54:59","guid":{"rendered":"https:\/\/lightgreen-hyena-937059.hostingersite.com\/?post_type=product&#038;p=13169"},"modified":"2025-10-04T06:36:41","modified_gmt":"2025-10-04T06:36:41","slug":"alimento-completo-para-periquitos-granzoo","status":"publish","type":"product","link":"https:\/\/iber.market\/fr\/product\/alimento-completo-para-periquitos-granzoo\/","title":{"rendered":"Aliment complet pour perruches Granzoo"},"content":{"rendered":"<p>Produits de qualit\u00e9 s\u00e9lectionn\u00e9s pour les soins et l'alimentation de vos animaux de compagnie.<\/p>","protected":false},"excerpt":{"rendered":"<p>Produits s\u00e9lectionn\u00e9s pour le soin de vos animaux de compagnie.<\/p>","protected":false},"featured_media":13170,"template":"","meta":[],"product_brand":[],"product_cat":[171],"product_tag":[],"class_list":{"0":"post-13169","1":"product","2":"type-product","3":"status-publish","4":"has-post-thumbnail","6":"product_cat-mascotas","8":"first","9":"instock","10":"taxable","11":"shipping-taxable","12":"purchasable","13":"product-type-simple"},"jetpack_sharing_enabled":true,"_links":{"self":[{"href":"https:\/\/iber.market\/fr\/wp-json\/wp\/v2\/product\/13169","targetHints":{"allow":["GET"]}}],"collection":[{"href":"https:\/\/iber.market\/fr\/wp-json\/wp\/v2\/product"}],"about":[{"href":"https:\/\/iber.market\/fr\/wp-json\/wp\/v2\/types\/product"}],"wp:featuredmedia":[{"embeddable":true,"href":"https:\/\/iber.market\/fr\/wp-json\/wp\/v2\/media\/13170"}],"wp:attachment":[{"href":"https:\/\/iber.market\/fr\/wp-json\/wp\/v2\/media?parent=13169"}],"wp:term":[{"taxonomy":"product_brand","embeddable":true,"href":"https:\/\/iber.market\/fr\/wp-json\/wp\/v2\/product_brand?post=13169"},{"taxonomy":"product_cat","embeddable":true,"href":"https:\/\/iber.market\/fr\/wp-json\/wp\/v2\/product_cat?post=13169"},{"taxonomy":"product_tag","embeddable":true,"href":"https:\/\/iber.market\/fr\/wp-json\/wp\/v2\/product_tag?post=13169"}],"curies":[{"name":"wp","href":"https:\/\/api.w.org\/{rel}","templated":true}]}}