{"id":13049,"date":"2025-08-22T18:42:04","date_gmt":"2025-08-22T18:42:04","guid":{"rendered":"https:\/\/lightgreen-hyena-937059.hostingersite.com\/?post_type=product&#038;p=13049"},"modified":"2025-10-04T06:36:13","modified_gmt":"2025-10-04T06:36:13","slug":"pate-perro-adulto-delikuit-con-ternera-y-cordero","status":"publish","type":"product","link":"https:\/\/iber.market\/fr\/product\/pate-perro-adulto-delikuit-con-ternera-y-cordero\/","title":{"rendered":"P\u00e2t\u00e9 pour chiens adultes Delikuit au b\u0153uf et \u00e0 l'agneau"},"content":{"rendered":"<p>Encuentra lo mejor para tu perro: alimentaci\u00f3n seca y h\u00fameda de calidad, snacks nutritivos y productos de cuidado. Pensados para acompa\u00f1ar a tu mejor amigo en su d\u00eda a d\u00eda.<\/p>","protected":false},"excerpt":{"rendered":"<p>Productos pensados para el cuidado y la alimentaci\u00f3n de tu perro.<\/p>","protected":false},"featured_media":13050,"template":"","meta":[],"product_brand":[],"product_cat":[178],"product_tag":[],"class_list":{"0":"post-13049","1":"product","2":"type-product","3":"status-publish","4":"has-post-thumbnail","6":"product_cat-alimentacion-humeda-perros","8":"first","9":"instock","10":"taxable","11":"shipping-taxable","12":"purchasable","13":"product-type-simple"},"jetpack_sharing_enabled":true,"_links":{"self":[{"href":"https:\/\/iber.market\/fr\/wp-json\/wp\/v2\/product\/13049","targetHints":{"allow":["GET"]}}],"collection":[{"href":"https:\/\/iber.market\/fr\/wp-json\/wp\/v2\/product"}],"about":[{"href":"https:\/\/iber.market\/fr\/wp-json\/wp\/v2\/types\/product"}],"wp:featuredmedia":[{"embeddable":true,"href":"https:\/\/iber.market\/fr\/wp-json\/wp\/v2\/media\/13050"}],"wp:attachment":[{"href":"https:\/\/iber.market\/fr\/wp-json\/wp\/v2\/media?parent=13049"}],"wp:term":[{"taxonomy":"product_brand","embeddable":true,"href":"https:\/\/iber.market\/fr\/wp-json\/wp\/v2\/product_brand?post=13049"},{"taxonomy":"product_cat","embeddable":true,"href":"https:\/\/iber.market\/fr\/wp-json\/wp\/v2\/product_cat?post=13049"},{"taxonomy":"product_tag","embeddable":true,"href":"https:\/\/iber.market\/fr\/wp-json\/wp\/v2\/product_tag?post=13049"}],"curies":[{"name":"wp","href":"https:\/\/api.w.org\/{rel}","templated":true}]}}