{"id":13025,"date":"2025-08-22T18:39:36","date_gmt":"2025-08-22T18:39:36","guid":{"rendered":"https:\/\/lightgreen-hyena-937059.hostingersite.com\/?post_type=product&#038;p=13025"},"modified":"2025-10-04T06:36:12","modified_gmt":"2025-10-04T06:36:12","slug":"snack-gato-aperitivo-liquido-compy","status":"publish","type":"product","link":"https:\/\/iber.market\/fr\/product\/snack-gato-aperitivo-liquido-compy\/","title":{"rendered":"Snack gato aperitivo l\u00edquido Compy"},"content":{"rendered":"<p>Descubre nuestra selecci\u00f3n de productos para gatos: piensos secos, comida h\u00fameda, snacks irresistibles y soluciones de aseo e higiene. Todo lo que tu gato necesita para estar sano y feliz.<\/p>","protected":false},"excerpt":{"rendered":"<p>Alimentaci\u00f3n y cuidado de calidad para gatos, pensada para su bienestar diario.<\/p>","protected":false},"featured_media":13026,"template":"","meta":[],"product_brand":[],"product_cat":[176],"product_tag":[],"class_list":{"0":"post-13025","1":"product","2":"type-product","3":"status-publish","4":"has-post-thumbnail","6":"product_cat-snacks","8":"first","9":"instock","10":"taxable","11":"shipping-taxable","12":"purchasable","13":"product-type-simple"},"jetpack_sharing_enabled":true,"_links":{"self":[{"href":"https:\/\/iber.market\/fr\/wp-json\/wp\/v2\/product\/13025","targetHints":{"allow":["GET"]}}],"collection":[{"href":"https:\/\/iber.market\/fr\/wp-json\/wp\/v2\/product"}],"about":[{"href":"https:\/\/iber.market\/fr\/wp-json\/wp\/v2\/types\/product"}],"wp:featuredmedia":[{"embeddable":true,"href":"https:\/\/iber.market\/fr\/wp-json\/wp\/v2\/media\/13026"}],"wp:attachment":[{"href":"https:\/\/iber.market\/fr\/wp-json\/wp\/v2\/media?parent=13025"}],"wp:term":[{"taxonomy":"product_brand","embeddable":true,"href":"https:\/\/iber.market\/fr\/wp-json\/wp\/v2\/product_brand?post=13025"},{"taxonomy":"product_cat","embeddable":true,"href":"https:\/\/iber.market\/fr\/wp-json\/wp\/v2\/product_cat?post=13025"},{"taxonomy":"product_tag","embeddable":true,"href":"https:\/\/iber.market\/fr\/wp-json\/wp\/v2\/product_tag?post=13025"}],"curies":[{"name":"wp","href":"https:\/\/api.w.org\/{rel}","templated":true}]}}