{"id":12991,"date":"2025-08-21T23:19:19","date_gmt":"2025-08-21T23:19:19","guid":{"rendered":"https:\/\/lightgreen-hyena-937059.hostingersite.com\/?post_type=product&#038;p=12991"},"modified":"2025-10-04T06:36:04","modified_gmt":"2025-10-04T06:36:04","slug":"comida-gato-adulto-supreme-compy-con-salmon-frutas-y-verduras","status":"publish","type":"product","link":"https:\/\/iber.market\/fr\/product\/comida-gato-adulto-supreme-compy-con-salmon-frutas-y-verduras\/","title":{"rendered":"Comida gato adulto Supreme Compy con salm\u00f3n, frutas y verduras"},"content":{"rendered":"<p>Descubre nuestra selecci\u00f3n de productos para gatos: piensos secos, comida h\u00fameda, snacks irresistibles y soluciones de aseo e higiene. Todo lo que tu gato necesita para estar sano y feliz.<\/p>","protected":false},"excerpt":{"rendered":"<p>Alimentaci\u00f3n y cuidado de calidad para gatos, pensada para su bienestar diario.<\/p>","protected":false},"featured_media":12992,"template":"","meta":[],"product_brand":[],"product_cat":[174],"product_tag":[],"class_list":{"0":"post-12991","1":"product","2":"type-product","3":"status-publish","4":"has-post-thumbnail","6":"product_cat-alimentacion-seca","8":"first","9":"instock","10":"taxable","11":"shipping-taxable","12":"purchasable","13":"product-type-simple"},"jetpack_sharing_enabled":true,"_links":{"self":[{"href":"https:\/\/iber.market\/fr\/wp-json\/wp\/v2\/product\/12991","targetHints":{"allow":["GET"]}}],"collection":[{"href":"https:\/\/iber.market\/fr\/wp-json\/wp\/v2\/product"}],"about":[{"href":"https:\/\/iber.market\/fr\/wp-json\/wp\/v2\/types\/product"}],"wp:featuredmedia":[{"embeddable":true,"href":"https:\/\/iber.market\/fr\/wp-json\/wp\/v2\/media\/12992"}],"wp:attachment":[{"href":"https:\/\/iber.market\/fr\/wp-json\/wp\/v2\/media?parent=12991"}],"wp:term":[{"taxonomy":"product_brand","embeddable":true,"href":"https:\/\/iber.market\/fr\/wp-json\/wp\/v2\/product_brand?post=12991"},{"taxonomy":"product_cat","embeddable":true,"href":"https:\/\/iber.market\/fr\/wp-json\/wp\/v2\/product_cat?post=12991"},{"taxonomy":"product_tag","embeddable":true,"href":"https:\/\/iber.market\/fr\/wp-json\/wp\/v2\/product_tag?post=12991"}],"curies":[{"name":"wp","href":"https:\/\/api.w.org\/{rel}","templated":true}]}}