{"id":11700,"date":"2025-08-20T00:47:18","date_gmt":"2025-08-20T00:47:18","guid":{"rendered":"https:\/\/lightgreen-hyena-937059.hostingersite.com\/?post_type=product&#038;p=11700"},"modified":"2025-10-04T06:26:38","modified_gmt":"2025-10-04T06:26:38","slug":"tomates-sechees-hacendado-a-lhuile-dolive","status":"publish","type":"product","link":"https:\/\/iber.market\/fr\/product\/tomates-sechees-hacendado-a-lhuile-dolive\/","title":{"rendered":"Hacendado tomates s\u00e9ch\u00e9es \u00e0 l'huile d'olive"},"content":{"rendered":"<p>La tomate s\u00e9ch\u00e9e Hacendado \u00e0 l'huile d'olive est un classique du march\u00e9 espagnol. Elle fait partie de la vari\u00e9t\u00e9 des tomates. Id\u00e9al pour les Espagnols hors d'Europe qui recherchent des saveurs de chez eux et pour les Europ\u00e9ens qui veulent des produits authentiques d'Espagne.<\/p>","protected":false},"excerpt":{"rendered":"<p>Tomates s\u00e9ch\u00e9es Hacendado \u00e0 l'huile d'olive avec une authentique saveur espagnole.<\/p>","protected":false},"featured_media":11701,"template":"","meta":[],"product_brand":[],"product_cat":[132],"product_tag":[135],"class_list":{"0":"post-11700","1":"product","2":"type-product","3":"status-publish","4":"has-post-thumbnail","6":"product_cat-conservas-vegetales-y-tomate","7":"product_tag-tomate","9":"first","10":"instock","11":"taxable","12":"shipping-taxable","13":"purchasable","14":"product-type-simple"},"jetpack_sharing_enabled":true,"_links":{"self":[{"href":"https:\/\/iber.market\/fr\/wp-json\/wp\/v2\/product\/11700","targetHints":{"allow":["GET"]}}],"collection":[{"href":"https:\/\/iber.market\/fr\/wp-json\/wp\/v2\/product"}],"about":[{"href":"https:\/\/iber.market\/fr\/wp-json\/wp\/v2\/types\/product"}],"wp:featuredmedia":[{"embeddable":true,"href":"https:\/\/iber.market\/fr\/wp-json\/wp\/v2\/media\/11701"}],"wp:attachment":[{"href":"https:\/\/iber.market\/fr\/wp-json\/wp\/v2\/media?parent=11700"}],"wp:term":[{"taxonomy":"product_brand","embeddable":true,"href":"https:\/\/iber.market\/fr\/wp-json\/wp\/v2\/product_brand?post=11700"},{"taxonomy":"product_cat","embeddable":true,"href":"https:\/\/iber.market\/fr\/wp-json\/wp\/v2\/product_cat?post=11700"},{"taxonomy":"product_tag","embeddable":true,"href":"https:\/\/iber.market\/fr\/wp-json\/wp\/v2\/product_tag?post=11700"}],"curies":[{"name":"wp","href":"https:\/\/api.w.org\/{rel}","templated":true}]}}