{"id":11661,"date":"2025-08-20T00:43:54","date_gmt":"2025-08-20T00:43:54","guid":{"rendered":"https:\/\/lightgreen-hyena-937059.hostingersite.com\/?post_type=product&#038;p=11661"},"modified":"2026-02-21T16:41:59","modified_gmt":"2026-02-21T16:41:59","slug":"tomate-frito-hacendado-2","status":"publish","type":"product","link":"https:\/\/iber.market\/fr\/product\/tomate-frito-hacendado-2\/","title":{"rendered":"Tomate frite Hacendado"},"content":{"rendered":"<p>La tomate frite Hacendado est un produit tr\u00e8s appr\u00e9ci\u00e9 dans la gastronomie espagnole. Il est id\u00e9al pour les expatri\u00e9s espagnols qui souhaitent continuer \u00e0 appr\u00e9cier les saveurs de leur pays ou pour les Europ\u00e9ens qui souhaitent d\u00e9couvrir l'authenticit\u00e9 de la cuisine espagnole.<\/p>\n<p>Id\u00e9al pour cuisiner des plats m\u00e9diterran\u00e9ens, des tapas ou des recettes traditionnelles, en conservant la saveur caract\u00e9ristique qui fait la popularit\u00e9 de la cuisine espagnole dans toute l'Europe.<\/p>","protected":false},"excerpt":{"rendered":"<p>Tomate frite Hacendado. Produit typiquement espagnol id\u00e9al pour les expatri\u00e9s et les amateurs de cuisine espagnole en Europe.<\/p>","protected":false},"featured_media":194579,"template":"","meta":[],"product_brand":[],"product_cat":[214],"product_tag":[135],"class_list":{"0":"post-11661","1":"product","2":"type-product","3":"status-publish","4":"has-post-thumbnail","6":"product_cat-salsas-y-condimentos","7":"product_tag-tomate","9":"first","10":"instock","11":"taxable","12":"shipping-taxable","13":"purchasable","14":"product-type-simple"},"jetpack_sharing_enabled":true,"_links":{"self":[{"href":"https:\/\/iber.market\/fr\/wp-json\/wp\/v2\/product\/11661","targetHints":{"allow":["GET"]}}],"collection":[{"href":"https:\/\/iber.market\/fr\/wp-json\/wp\/v2\/product"}],"about":[{"href":"https:\/\/iber.market\/fr\/wp-json\/wp\/v2\/types\/product"}],"wp:featuredmedia":[{"embeddable":true,"href":"https:\/\/iber.market\/fr\/wp-json\/wp\/v2\/media\/194579"}],"wp:attachment":[{"href":"https:\/\/iber.market\/fr\/wp-json\/wp\/v2\/media?parent=11661"}],"wp:term":[{"taxonomy":"product_brand","embeddable":true,"href":"https:\/\/iber.market\/fr\/wp-json\/wp\/v2\/product_brand?post=11661"},{"taxonomy":"product_cat","embeddable":true,"href":"https:\/\/iber.market\/fr\/wp-json\/wp\/v2\/product_cat?post=11661"},{"taxonomy":"product_tag","embeddable":true,"href":"https:\/\/iber.market\/fr\/wp-json\/wp\/v2\/product_tag?post=11661"}],"curies":[{"name":"wp","href":"https:\/\/api.w.org\/{rel}","templated":true}]}}