{"id":11655,"date":"2025-08-20T00:43:14","date_gmt":"2025-08-20T00:43:14","guid":{"rendered":"https:\/\/lightgreen-hyena-937059.hostingersite.com\/?post_type=product&#038;p=11655"},"modified":"2025-10-04T06:26:18","modified_gmt":"2025-10-04T06:26:18","slug":"tomate-triturado-hacendado-2","status":"publish","type":"product","link":"https:\/\/iber.market\/fr\/product\/tomate-triturado-hacendado-2\/","title":{"rendered":"Tomate \u00e9cras\u00e9e Hacendado"},"content":{"rendered":"<p>La tomate concass\u00e9e Hacendado, un classique du march\u00e9 espagnol. Elle fait partie de la vari\u00e9t\u00e9 de tomates. Id\u00e9al pour les Espagnols hors d'Europe qui recherchent des saveurs de chez eux et pour les Europ\u00e9ens qui veulent des produits authentiques d'Espagne.<\/p>","protected":false},"excerpt":{"rendered":"<p>Tomate concass\u00e9e Hacendado \u00e0 la saveur authentiquement espagnole.<\/p>","protected":false},"featured_media":11656,"template":"","meta":[],"product_brand":[],"product_cat":[132],"product_tag":[135],"class_list":{"0":"post-11655","1":"product","2":"type-product","3":"status-publish","4":"has-post-thumbnail","6":"product_cat-conservas-vegetales-y-tomate","7":"product_tag-tomate","9":"first","10":"instock","11":"taxable","12":"shipping-taxable","13":"purchasable","14":"product-type-simple"},"jetpack_sharing_enabled":true,"_links":{"self":[{"href":"https:\/\/iber.market\/fr\/wp-json\/wp\/v2\/product\/11655","targetHints":{"allow":["GET"]}}],"collection":[{"href":"https:\/\/iber.market\/fr\/wp-json\/wp\/v2\/product"}],"about":[{"href":"https:\/\/iber.market\/fr\/wp-json\/wp\/v2\/types\/product"}],"wp:featuredmedia":[{"embeddable":true,"href":"https:\/\/iber.market\/fr\/wp-json\/wp\/v2\/media\/11656"}],"wp:attachment":[{"href":"https:\/\/iber.market\/fr\/wp-json\/wp\/v2\/media?parent=11655"}],"wp:term":[{"taxonomy":"product_brand","embeddable":true,"href":"https:\/\/iber.market\/fr\/wp-json\/wp\/v2\/product_brand?post=11655"},{"taxonomy":"product_cat","embeddable":true,"href":"https:\/\/iber.market\/fr\/wp-json\/wp\/v2\/product_cat?post=11655"},{"taxonomy":"product_tag","embeddable":true,"href":"https:\/\/iber.market\/fr\/wp-json\/wp\/v2\/product_tag?post=11655"}],"curies":[{"name":"wp","href":"https:\/\/api.w.org\/{rel}","templated":true}]}}