{"id":11636,"date":"2025-08-20T00:41:25","date_gmt":"2025-08-20T00:41:25","guid":{"rendered":"https:\/\/lightgreen-hyena-937059.hostingersite.com\/?post_type=product&#038;p=11636"},"modified":"2025-10-04T06:26:16","modified_gmt":"2025-10-04T06:26:16","slug":"macedonia-mix-de-frutas-en-almibar-hacendado","status":"publish","type":"product","link":"https:\/\/iber.market\/fr\/product\/macedonia-mix-de-frutas-en-almibar-hacendado\/","title":{"rendered":"Salade de fruits mac\u00e9donienne au sirop Hacendado"},"content":{"rendered":"<p>Macedonia mix de frutas en alm\u00edbar Hacendado, un cl\u00e1sico del mercado espa\u00f1ol. Forma parte de la variedad de conservas fruta. Ideal para espa\u00f1oles fuera de Europa que buscan sabores de casa y para europeos que desean productos aut\u00e9nticos de Espa\u00f1a.<\/p>","protected":false},"excerpt":{"rendered":"<p>Macedonia mix de frutas en alm\u00edbar Hacendado con aut\u00e9ntico sabor espa\u00f1ol.<\/p>","protected":false},"featured_media":11637,"template":"","meta":[],"product_brand":[],"product_cat":[132],"product_tag":[134],"class_list":{"0":"post-11636","1":"product","2":"type-product","3":"status-publish","4":"has-post-thumbnail","6":"product_cat-conservas-vegetales-y-tomate","7":"product_tag-conservas-fruta","9":"first","10":"instock","11":"taxable","12":"shipping-taxable","13":"purchasable","14":"product-type-simple"},"jetpack_sharing_enabled":true,"_links":{"self":[{"href":"https:\/\/iber.market\/fr\/wp-json\/wp\/v2\/product\/11636","targetHints":{"allow":["GET"]}}],"collection":[{"href":"https:\/\/iber.market\/fr\/wp-json\/wp\/v2\/product"}],"about":[{"href":"https:\/\/iber.market\/fr\/wp-json\/wp\/v2\/types\/product"}],"wp:featuredmedia":[{"embeddable":true,"href":"https:\/\/iber.market\/fr\/wp-json\/wp\/v2\/media\/11637"}],"wp:attachment":[{"href":"https:\/\/iber.market\/fr\/wp-json\/wp\/v2\/media?parent=11636"}],"wp:term":[{"taxonomy":"product_brand","embeddable":true,"href":"https:\/\/iber.market\/fr\/wp-json\/wp\/v2\/product_brand?post=11636"},{"taxonomy":"product_cat","embeddable":true,"href":"https:\/\/iber.market\/fr\/wp-json\/wp\/v2\/product_cat?post=11636"},{"taxonomy":"product_tag","embeddable":true,"href":"https:\/\/iber.market\/fr\/wp-json\/wp\/v2\/product_tag?post=11636"}],"curies":[{"name":"wp","href":"https:\/\/api.w.org\/{rel}","templated":true}]}}