{"id":11583,"date":"2025-08-20T00:36:48","date_gmt":"2025-08-20T00:36:48","guid":{"rendered":"https:\/\/lightgreen-hyena-937059.hostingersite.com\/?post_type=product&#038;p=11583"},"modified":"2025-10-04T06:26:10","modified_gmt":"2025-10-04T06:26:10","slug":"ensalada-china-hacendado-con-mazorquitas","status":"publish","type":"product","link":"https:\/\/iber.market\/fr\/product\/ensalada-china-hacendado-con-mazorquitas\/","title":{"rendered":"Hacendado Salade chinoise aux \u00e9pis de ma\u00efs"},"content":{"rendered":"<p>Ensalada china Hacendado con mazorquitas, un cl\u00e1sico del mercado espa\u00f1ol. Forma parte de la variedad de conservas verdura. Ideal para espa\u00f1oles fuera de Europa que buscan sabores de casa y para europeos que desean productos aut\u00e9nticos de Espa\u00f1a.<\/p>","protected":false},"excerpt":{"rendered":"<p>Ensalada china Hacendado con mazorquitas con aut\u00e9ntico sabor espa\u00f1ol.<\/p>","protected":false},"featured_media":11584,"template":"","meta":[],"product_brand":[],"product_cat":[132],"product_tag":[133],"class_list":{"0":"post-11583","1":"product","2":"type-product","3":"status-publish","4":"has-post-thumbnail","6":"product_cat-conservas-vegetales-y-tomate","7":"product_tag-conservas-verdura","9":"first","10":"instock","11":"taxable","12":"shipping-taxable","13":"purchasable","14":"product-type-simple"},"jetpack_sharing_enabled":true,"_links":{"self":[{"href":"https:\/\/iber.market\/fr\/wp-json\/wp\/v2\/product\/11583","targetHints":{"allow":["GET"]}}],"collection":[{"href":"https:\/\/iber.market\/fr\/wp-json\/wp\/v2\/product"}],"about":[{"href":"https:\/\/iber.market\/fr\/wp-json\/wp\/v2\/types\/product"}],"wp:featuredmedia":[{"embeddable":true,"href":"https:\/\/iber.market\/fr\/wp-json\/wp\/v2\/media\/11584"}],"wp:attachment":[{"href":"https:\/\/iber.market\/fr\/wp-json\/wp\/v2\/media?parent=11583"}],"wp:term":[{"taxonomy":"product_brand","embeddable":true,"href":"https:\/\/iber.market\/fr\/wp-json\/wp\/v2\/product_brand?post=11583"},{"taxonomy":"product_cat","embeddable":true,"href":"https:\/\/iber.market\/fr\/wp-json\/wp\/v2\/product_cat?post=11583"},{"taxonomy":"product_tag","embeddable":true,"href":"https:\/\/iber.market\/fr\/wp-json\/wp\/v2\/product_tag?post=11583"}],"curies":[{"name":"wp","href":"https:\/\/api.w.org\/{rel}","templated":true}]}}