{"id":11562,"date":"2025-08-20T00:34:54","date_gmt":"2025-08-20T00:34:54","guid":{"rendered":"https:\/\/lightgreen-hyena-937059.hostingersite.com\/?post_type=product&#038;p=11562"},"modified":"2025-10-04T06:26:09","modified_gmt":"2025-10-04T06:26:09","slug":"hacendado-bandes-de-carottes","status":"publish","type":"product","link":"https:\/\/iber.market\/fr\/product\/hacendado-bandes-de-carottes\/","title":{"rendered":"Lani\u00e8res de carottes Hacendado"},"content":{"rendered":"<p>Les bandes de carottes Hacendado, un classique du march\u00e9 espagnol. Elles font partie de la gamme de l\u00e9gumes en conserve. Id\u00e9al pour les Espagnols hors d'Europe qui recherchent des saveurs de chez eux et pour les Europ\u00e9ens qui veulent des produits authentiques d'Espagne.<\/p>","protected":false},"excerpt":{"rendered":"<p>Lani\u00e8res de carottes hacendado \u00e0 la saveur authentiquement espagnole.<\/p>","protected":false},"featured_media":11563,"template":"","meta":[],"product_brand":[],"product_cat":[132],"product_tag":[133],"class_list":{"0":"post-11562","1":"product","2":"type-product","3":"status-publish","4":"has-post-thumbnail","6":"product_cat-conservas-vegetales-y-tomate","7":"product_tag-conservas-verdura","9":"first","10":"instock","11":"taxable","12":"shipping-taxable","13":"purchasable","14":"product-type-simple"},"jetpack_sharing_enabled":true,"_links":{"self":[{"href":"https:\/\/iber.market\/fr\/wp-json\/wp\/v2\/product\/11562","targetHints":{"allow":["GET"]}}],"collection":[{"href":"https:\/\/iber.market\/fr\/wp-json\/wp\/v2\/product"}],"about":[{"href":"https:\/\/iber.market\/fr\/wp-json\/wp\/v2\/types\/product"}],"wp:featuredmedia":[{"embeddable":true,"href":"https:\/\/iber.market\/fr\/wp-json\/wp\/v2\/media\/11563"}],"wp:attachment":[{"href":"https:\/\/iber.market\/fr\/wp-json\/wp\/v2\/media?parent=11562"}],"wp:term":[{"taxonomy":"product_brand","embeddable":true,"href":"https:\/\/iber.market\/fr\/wp-json\/wp\/v2\/product_brand?post=11562"},{"taxonomy":"product_cat","embeddable":true,"href":"https:\/\/iber.market\/fr\/wp-json\/wp\/v2\/product_cat?post=11562"},{"taxonomy":"product_tag","embeddable":true,"href":"https:\/\/iber.market\/fr\/wp-json\/wp\/v2\/product_tag?post=11562"}],"curies":[{"name":"wp","href":"https:\/\/api.w.org\/{rel}","templated":true}]}}