{"id":180730,"date":"2025-09-05T00:49:50","date_gmt":"2025-09-05T00:49:50","guid":{"rendered":"https:\/\/lightgreen-hyena-937059.hostingersite.com\/?page_id=180730"},"modified":"2025-09-21T19:19:24","modified_gmt":"2025-09-21T19:19:24","slug":"conditions-generales","status":"publish","type":"page","link":"https:\/\/iber.market\/fr\/conditions-generales\/","title":{"rendered":"Condiciones Generales"},"content":{"rendered":"<div class=\"container section-title-container\" ><h3 class=\"section-title section-title-normal\"><b><\/b><span class=\"section-title-main\" >CONDITIONS G\u00c9N\u00c9RALES<\/span><b><\/b><\/h3><\/div>\n\n<h4><strong>Conditions g\u00e9n\u00e9rales d'utilisation<\/strong><\/h4>\n<h4><strong>1.- Champ d'application<\/strong><\/h4>\n<p>Les conditions suivantes s'appliquent \u00e0 toutes les commandes pass\u00e9es via notre boutique en ligne. Notre boutique en ligne est destin\u00e9e exclusivement aux consommateurs.<\/p>\n<p>Un consommateur est une personne physique qui conclut une transaction juridique \u00e0 des fins principalement \u00e9trang\u00e8res \u00e0 son activit\u00e9 commerciale ou professionnelle. Un entrepreneur est une personne physique ou morale ou une soci\u00e9t\u00e9 dot\u00e9e de la capacit\u00e9 juridique qui, lorsqu'elle conclut une transaction juridique, agit dans le cadre de son activit\u00e9 commerciale ou professionnelle.<\/p>\n<p>\u00a0<\/p>\n<h4><strong>2.- Partie contractante, conclusion du contrat, options de correction<\/strong><\/h4>\n<p>Le contrat d'achat est conclu avec Grupo T\u00e9xtil Valencia SL.<\/p>\n<p>En pla\u00e7ant des produits dans la boutique en ligne, nous faisons une offre ferme de conclure un contrat pour ces produits. Vous pouvez d'abord placer nos produits dans le panier sans obligation et corriger vos entr\u00e9es \u00e0 tout moment avant de soumettre votre commande contraignante en utilisant les moyens de correction fournis et expliqu\u00e9s dans le processus de commande. Le contrat est conclu lorsque vous acceptez l'offre des produits contenus dans le panier en cliquant sur le bouton de commande. Imm\u00e9diatement apr\u00e8s avoir pass\u00e9 la commande, vous recevrez une confirmation par courrier \u00e9lectronique.<\/p>\n<p>\u00a0<\/p>\n<h4><strong>3.- Langue du contrat, stockage du texte du contrat<\/strong><\/h4>\n<p>Langue(s) disponible(s) pour la conclusion du contrat : allemand, espagnol.<\/p>\n<p>Nous sauvegardons le texte du contrat et vous envoyons les donn\u00e9es de la commande et nos CGV sous forme de texte. Pour des raisons de s\u00e9curit\u00e9, le texte du contrat n'est plus accessible via Internet.<\/p>\n<p>\u00a0<\/p>\n<h4><strong>4.- Conditions de livraison<\/strong><\/h4>\n<h4 data-start=\"199\" data-end=\"225\"><strong>4.1 Frais d'exp\u00e9dition<\/strong><\/h4>\n<p>Outre les prix indiqu\u00e9s pour les produits, les frais d'exp\u00e9dition suivants s'appliquent :<\/p>\n<ul data-start=\"325\" data-end=\"779\">\n<li data-start=\"325\" data-end=\"421\">Pour les commandes inf\u00e9rieures \u00e0 <strong data-start=\"366\" data-end=\"375\">120 \u20ac<\/strong>, est appliqu\u00e9e. <strong data-start=\"393\" data-end=\"418\">taux d'exp\u00e9dition forfaitaire<\/strong>.<\/li>\n<li data-start=\"422\" data-end=\"538\">Commandes de <strong data-start=\"448\" data-end=\"457\">120 \u20ac<\/strong> aura <strong data-start=\"466\" data-end=\"484\">livraison gratuite<\/strong>, \u00e0 condition que le poids total ne d\u00e9passe pas <strong data-start=\"526\" data-end=\"535\">20 kg<\/strong>.<\/li>\n<li data-start=\"539\" data-end=\"662\">Pour les commandes dont le poids total d\u00e9passe <strong data-start=\"583\" data-end=\"592\">20 kg<\/strong>, un suppl\u00e9ment de <strong data-start=\"630\" data-end=\"643\">1,75 \u20ac\/kg<\/strong> sur l'exc\u00e9dent.<\/li>\n<li data-start=\"663\" data-end=\"779\">Pour les commandes dont le poids total d\u00e9passe <strong data-start=\"707\" data-end=\"716\">60 kg<\/strong>, la majoration suppl\u00e9mentaire est de <strong data-start=\"747\" data-end=\"760\">1,45 \u20ac\/kg<\/strong> sur l'exc\u00e9dent.<\/li>\n<li data-start=\"820\" data-end=\"950\">Le d\u00e9lai de livraison est estim\u00e9 \u00e0 <strong data-start=\"857\" data-end=\"882\">3 \u00e0 5 jours ouvrables<\/strong> d\u00e8s que la commande a \u00e9t\u00e9 confirm\u00e9e et que le paiement correspondant a \u00e9t\u00e9 effectu\u00e9.<\/li>\n<li data-start=\"951\" data-end=\"1036\">\u00c0 l'heure actuelle, les livraisons sont effectu\u00e9es exclusivement dans les pays de l'Union europ\u00e9enne. <strong data-start=\"1023\" data-end=\"1033\">L'Europe<\/strong>.<\/li>\n<\/ul>\n<p>\u00a0<\/p>\n<h5><strong>4.2 Options de livraison<\/strong><\/h5>\n<p>Nous exp\u00e9dions les produits \u00e0 l'adresse de livraison sp\u00e9cifi\u00e9e dans le processus de commande.<\/p>\n<p>Nous livrons uniquement par transport. Il n'est malheureusement pas possible de venir chercher les produits soi-m\u00eame.<\/p>\n<p>Nous ne livrons pas \u00e0 un bureau de recouvrement.<\/p>\n<p>\u00a0<\/p>\n<h4><strong>5.- Paiement<\/strong><\/h4>\n<h5><strong>5.1 Prix<\/strong><\/h5>\n<p>Les prix indiqu\u00e9s au moment de la commande sont d'application. Il s'agit de prix totaux incluant la TVA.<\/p>\n<h5><strong>5.2 Modalit\u00e9s de paiement<\/strong><\/h5>\n<p>Les modes de paiement suivants sont disponibles dans notre boutique.<\/p>\n<p><strong>Virement bancaire<\/strong><\/p>\n<p>Si vous choisissez de payer par virement bancaire, nous vous enverrons nos coordonn\u00e9es bancaires dans un courriel s\u00e9par\u00e9 et nous remettrons les marchandises au transporteur d\u00e8s r\u00e9ception du paiement.<\/p>\n<p><strong>Carte de cr\u00e9dit<\/strong><\/p>\n<p>Vous entrez les donn\u00e9es de votre carte de cr\u00e9dit au cours du processus de commande. Votre carte sera d\u00e9bit\u00e9e imm\u00e9diatement apr\u00e8s la commande.<\/p>\n<p><strong>PayPal<\/strong><\/p>\n<p>Pour pouvoir payer le montant de la facture par l'interm\u00e9diaire du prestataire de services de paiement PayPal (Europe) S.\u00e0 r.l. et Cie, S.C.A, 22-24 Boulevard Royal, L-2449 Luxembourg (\u00abPayPal\u00bb), vous devez \u00eatre enregistr\u00e9 aupr\u00e8s de PayPal, vous connecter \u00e0 l'aide de vos donn\u00e9es d'acc\u00e8s et confirmer l'instruction de paiement. PayPal effectue la transaction de paiement imm\u00e9diatement apr\u00e8s la passation de la commande. Vous recevrez d'autres instructions au cours du processus de commande.<\/p>\n<p>PayPal peut proposer aux clients enregistr\u00e9s de PayPal, s\u00e9lectionn\u00e9s selon leurs propres crit\u00e8res, d'autres m\u00e9thodes de paiement dans le compte client. Nous n'avons toutefois aucune influence sur l'offre de ces modes de paiement ; les autres modes de paiement propos\u00e9s individuellement ont une incidence sur votre relation juridique avec PayPal. Vous trouverez de plus amples informations \u00e0 ce sujet dans votre compte PayPal.<\/p>\n<p>\u00a0<\/p>\n<h4><strong>6.- Garantie<\/strong><\/h4>\n<h5><strong>6.1 Responsabilit\u00e9 en cas de d\u00e9faut<\/strong><\/h5>\n<p>La responsabilit\u00e9 l\u00e9gale pour les d\u00e9fauts s'applique.<\/p>\n<h5><strong>6.2 Garanties et service client\u00e8le<\/strong><\/h5>\n<p>Les informations sur les garanties suppl\u00e9mentaires \u00e9ventuellement applicables et leurs conditions exactes sont fournies avec le produit et sur les pages d'informations sp\u00e9ciales de la boutique en ligne.<\/p>\n<p>Service client\u00e8le : Vous pouvez contacter notre service client\u00e8le pour toute question, plainte ou r\u00e9clamation les jours ouvrables de 9h00 \u00e0 17h00 par WhatsApp au +34 672 33 68 79 et par courriel \u00e0 info@iber.market.<\/p>\n<p>\u00a0<\/p>\n<h4><strong>7.- R\u00e8glement des litiges<\/strong><\/h4>\n<p>La Commission europ\u00e9enne propose une plateforme de r\u00e9solution des litiges en ligne (OS), que vous trouverez ici. Nous ne sommes ni oblig\u00e9s ni dispos\u00e9s \u00e0 participer \u00e0 une proc\u00e9dure de r\u00e9solution des litiges devant une commission d'arbitrage des consommateurs.<\/p>","protected":false},"excerpt":{"rendered":"","protected":false},"author":1,"featured_media":0,"parent":0,"menu_order":0,"comment_status":"closed","ping_status":"closed","template":"page-blank.php","meta":{"footnotes":""},"class_list":["post-180730","page","type-page","status-publish","hentry"],"jetpack_sharing_enabled":true,"_links":{"self":[{"href":"https:\/\/iber.market\/fr\/wp-json\/wp\/v2\/pages\/180730","targetHints":{"allow":["GET"]}}],"collection":[{"href":"https:\/\/iber.market\/fr\/wp-json\/wp\/v2\/pages"}],"about":[{"href":"https:\/\/iber.market\/fr\/wp-json\/wp\/v2\/types\/page"}],"author":[{"embeddable":true,"href":"https:\/\/iber.market\/fr\/wp-json\/wp\/v2\/users\/1"}],"replies":[{"embeddable":true,"href":"https:\/\/iber.market\/fr\/wp-json\/wp\/v2\/comments?post=180730"}],"version-history":[{"count":4,"href":"https:\/\/iber.market\/fr\/wp-json\/wp\/v2\/pages\/180730\/revisions"}],"predecessor-version":[{"id":181113,"href":"https:\/\/iber.market\/fr\/wp-json\/wp\/v2\/pages\/180730\/revisions\/181113"}],"wp:attachment":[{"href":"https:\/\/iber.market\/fr\/wp-json\/wp\/v2\/media?parent=180730"}],"curies":[{"name":"wp","href":"https:\/\/api.w.org\/{rel}","templated":true}]}}