{"id":200741,"date":"2026-03-02T21:58:42","date_gmt":"2026-03-02T21:58:42","guid":{"rendered":"https:\/\/iber.market\/producto\/sobrasada-con-miel-lilla-especialidades\/"},"modified":"2026-03-02T21:58:43","modified_gmt":"2026-03-02T21:58:43","slug":"sobrasada-con-miel-lilla-especialidades","status":"publish","type":"product","link":"https:\/\/iber.market\/en\/product\/sobrasada-con-miel-lilla-especialidades\/","title":{"rendered":"Sobrasada with honey L'Illa specialties"},"content":{"rendered":"<p>Sobrasada con miel L&#8217;Illa especialidades es parte de la tradici\u00f3n dulce espa\u00f1ola. Ideal para expatriados y amantes de la gastronom\u00eda espa\u00f1ola en Europa.<\/p>","protected":false},"excerpt":{"rendered":"<p>Sobrasada con miel L&#8217;Illa especialidades. Dulce espa\u00f1ol ideal para disfrutar del aut\u00e9ntico sabor de Espa\u00f1a en Europa.<\/p>","protected":false},"featured_media":200742,"template":"","meta":[],"product_brand":[],"product_cat":[62],"product_tag":[],"class_list":{"0":"post-200741","1":"product","2":"type-product","3":"status-publish","4":"has-post-thumbnail","6":"product_cat-jamon-y-embutidos-selectos","8":"first","9":"instock","10":"taxable","11":"shipping-taxable","12":"purchasable","13":"product-type-simple"},"jetpack_sharing_enabled":true,"_links":{"self":[{"href":"https:\/\/iber.market\/en\/wp-json\/wp\/v2\/product\/200741","targetHints":{"allow":["GET"]}}],"collection":[{"href":"https:\/\/iber.market\/en\/wp-json\/wp\/v2\/product"}],"about":[{"href":"https:\/\/iber.market\/en\/wp-json\/wp\/v2\/types\/product"}],"wp:featuredmedia":[{"embeddable":true,"href":"https:\/\/iber.market\/en\/wp-json\/wp\/v2\/media\/200742"}],"wp:attachment":[{"href":"https:\/\/iber.market\/en\/wp-json\/wp\/v2\/media?parent=200741"}],"wp:term":[{"taxonomy":"product_brand","embeddable":true,"href":"https:\/\/iber.market\/en\/wp-json\/wp\/v2\/product_brand?post=200741"},{"taxonomy":"product_cat","embeddable":true,"href":"https:\/\/iber.market\/en\/wp-json\/wp\/v2\/product_cat?post=200741"},{"taxonomy":"product_tag","embeddable":true,"href":"https:\/\/iber.market\/en\/wp-json\/wp\/v2\/product_tag?post=200741"}],"curies":[{"name":"wp","href":"https:\/\/api.w.org\/{rel}","templated":true}]}}