{"id":200726,"date":"2026-03-02T21:58:39","date_gmt":"2026-03-02T21:58:39","guid":{"rendered":"https:\/\/iber.market\/producto\/confitura-de-melocoton-hacendado-0-azucares-anadidos\/"},"modified":"2026-03-02T21:58:40","modified_gmt":"2026-03-02T21:58:40","slug":"confitura-de-melocoton-hacendado-0-azucares-anadidos","status":"publish","type":"product","link":"https:\/\/iber.market\/en\/product\/confitura-de-melocoton-hacendado-0-azucares-anadidos\/","title":{"rendered":"Hacendado Peach jam 0% added sugars"},"content":{"rendered":"<p>Confitura de melocot\u00f3n Hacendado 0% az\u00facares a\u00f1adidos es parte de la tradici\u00f3n dulce espa\u00f1ola. Ideal para expatriados y amantes de la gastronom\u00eda espa\u00f1ola en Europa.<\/p>","protected":false},"excerpt":{"rendered":"<p>Confitura de melocot\u00f3n Hacendado 0% az\u00facares a\u00f1adidos. Dulce espa\u00f1ol ideal para disfrutar del aut\u00e9ntico sabor de Espa\u00f1a en Europa.<\/p>","protected":false},"featured_media":200727,"template":"","meta":[],"product_brand":[],"product_cat":[82],"product_tag":[],"class_list":{"0":"post-200726","1":"product","2":"type-product","3":"status-publish","4":"has-post-thumbnail","6":"product_cat-mermelada-y-miel","8":"first","9":"instock","10":"taxable","11":"shipping-taxable","12":"purchasable","13":"product-type-simple"},"jetpack_sharing_enabled":true,"_links":{"self":[{"href":"https:\/\/iber.market\/en\/wp-json\/wp\/v2\/product\/200726","targetHints":{"allow":["GET"]}}],"collection":[{"href":"https:\/\/iber.market\/en\/wp-json\/wp\/v2\/product"}],"about":[{"href":"https:\/\/iber.market\/en\/wp-json\/wp\/v2\/types\/product"}],"wp:featuredmedia":[{"embeddable":true,"href":"https:\/\/iber.market\/en\/wp-json\/wp\/v2\/media\/200727"}],"wp:attachment":[{"href":"https:\/\/iber.market\/en\/wp-json\/wp\/v2\/media?parent=200726"}],"wp:term":[{"taxonomy":"product_brand","embeddable":true,"href":"https:\/\/iber.market\/en\/wp-json\/wp\/v2\/product_brand?post=200726"},{"taxonomy":"product_cat","embeddable":true,"href":"https:\/\/iber.market\/en\/wp-json\/wp\/v2\/product_cat?post=200726"},{"taxonomy":"product_tag","embeddable":true,"href":"https:\/\/iber.market\/en\/wp-json\/wp\/v2\/product_tag?post=200726"}],"curies":[{"name":"wp","href":"https:\/\/api.w.org\/{rel}","templated":true}]}}