{"id":200723,"date":"2026-03-02T12:31:51","date_gmt":"2026-03-02T12:31:51","guid":{"rendered":"https:\/\/iber.market\/producto\/filetes-de-anchoa-en-aceite-de-girasol-hacendado\/"},"modified":"2026-03-02T12:31:51","modified_gmt":"2026-03-02T12:31:51","slug":"filetes-de-anchoa-en-aceite-de-girasol-hacendado","status":"publish","type":"product","link":"https:\/\/iber.market\/en\/product\/filetes-de-anchoa-en-aceite-de-girasol-hacendado\/","title":{"rendered":"Filetes de anchoa en aceite de girasol Hacendado"},"content":{"rendered":"<p>Filetes de anchoa en aceite de girasol Hacendado representa la tradici\u00f3n de las anchoas espa\u00f1olas, apreciadas por su sabor intenso y textura delicada. Perfectas para tostadas, ensaladas o recetas cl\u00e1sicas.<\/p>\n<p>Ideal para espa\u00f1oles en el extranjero y europeos amantes de la gastronom\u00eda espa\u00f1ola.<\/p>","protected":false},"excerpt":{"rendered":"<p>Filetes de anchoa en aceite de girasol Hacendado. Anchoas espa\u00f1olas en salaz\u00f3n ideales para tapas y cocina mediterr\u00e1nea.<\/p>","protected":false},"featured_media":200724,"template":"","meta":[],"product_brand":[],"product_cat":[167],"product_tag":[],"class_list":{"0":"post-200723","1":"product","2":"type-product","3":"status-publish","4":"has-post-thumbnail","6":"product_cat-pescado-en-salazon","8":"first","9":"instock","10":"taxable","11":"shipping-taxable","12":"purchasable","13":"product-type-simple"},"jetpack_sharing_enabled":true,"_links":{"self":[{"href":"https:\/\/iber.market\/en\/wp-json\/wp\/v2\/product\/200723","targetHints":{"allow":["GET"]}}],"collection":[{"href":"https:\/\/iber.market\/en\/wp-json\/wp\/v2\/product"}],"about":[{"href":"https:\/\/iber.market\/en\/wp-json\/wp\/v2\/types\/product"}],"wp:featuredmedia":[{"embeddable":true,"href":"https:\/\/iber.market\/en\/wp-json\/wp\/v2\/media\/200724"}],"wp:attachment":[{"href":"https:\/\/iber.market\/en\/wp-json\/wp\/v2\/media?parent=200723"}],"wp:term":[{"taxonomy":"product_brand","embeddable":true,"href":"https:\/\/iber.market\/en\/wp-json\/wp\/v2\/product_brand?post=200723"},{"taxonomy":"product_cat","embeddable":true,"href":"https:\/\/iber.market\/en\/wp-json\/wp\/v2\/product_cat?post=200723"},{"taxonomy":"product_tag","embeddable":true,"href":"https:\/\/iber.market\/en\/wp-json\/wp\/v2\/product_tag?post=200723"}],"curies":[{"name":"wp","href":"https:\/\/api.w.org\/{rel}","templated":true}]}}