{"id":200680,"date":"2026-03-02T12:25:11","date_gmt":"2026-03-02T12:25:11","guid":{"rendered":"https:\/\/iber.market\/producto\/colageno-soluble-sabor-limon-colagen\/"},"modified":"2026-03-02T12:25:11","modified_gmt":"2026-03-02T12:25:11","slug":"soluble-collagen-lemon-flavor-collagen","status":"publish","type":"product","link":"https:\/\/iber.market\/en\/product\/soluble-collagen-lemon-flavor-collagen\/","title":{"rendered":"Lemon-flavored soluble collagen Colagen"},"content":{"rendered":"<p>Col\u00e1geno soluble sabor lim\u00f3n Colagen es un complemento alimenticio con col\u00e1geno, muy valorado en Espa\u00f1a por su integraci\u00f3n en rutinas de bienestar diario. Especialmente pensado para espa\u00f1oles que viven fuera y desean seguir utilizando productos conocidos, as\u00ed como para europeos interesados en suplementaci\u00f3n inspirada en el estilo de vida mediterr\u00e1neo.<\/p>\n<p>Perfecto para integrar en tu rutina diaria de forma pr\u00e1ctica. Producto de parafarmacia espa\u00f1ola con est\u00e1ndares europeos.<\/p>","protected":false},"excerpt":{"rendered":"<p>Col\u00e1geno soluble sabor lim\u00f3n Colagen. Complemento alimenticio con col\u00e1geno ideal para el cuidado diario desde cualquier punto de Europa.<\/p>","protected":false},"featured_media":200681,"template":"","meta":[],"product_brand":[],"product_cat":[146],"product_tag":[],"class_list":{"0":"post-200680","1":"product","2":"type-product","3":"status-publish","4":"has-post-thumbnail","6":"product_cat-fitoterapia-y-parafarmacia","8":"first","9":"instock","10":"taxable","11":"shipping-taxable","12":"purchasable","13":"product-type-simple"},"jetpack_sharing_enabled":true,"_links":{"self":[{"href":"https:\/\/iber.market\/en\/wp-json\/wp\/v2\/product\/200680","targetHints":{"allow":["GET"]}}],"collection":[{"href":"https:\/\/iber.market\/en\/wp-json\/wp\/v2\/product"}],"about":[{"href":"https:\/\/iber.market\/en\/wp-json\/wp\/v2\/types\/product"}],"wp:featuredmedia":[{"embeddable":true,"href":"https:\/\/iber.market\/en\/wp-json\/wp\/v2\/media\/200681"}],"wp:attachment":[{"href":"https:\/\/iber.market\/en\/wp-json\/wp\/v2\/media?parent=200680"}],"wp:term":[{"taxonomy":"product_brand","embeddable":true,"href":"https:\/\/iber.market\/en\/wp-json\/wp\/v2\/product_brand?post=200680"},{"taxonomy":"product_cat","embeddable":true,"href":"https:\/\/iber.market\/en\/wp-json\/wp\/v2\/product_cat?post=200680"},{"taxonomy":"product_tag","embeddable":true,"href":"https:\/\/iber.market\/en\/wp-json\/wp\/v2\/product_tag?post=200680"}],"curies":[{"name":"wp","href":"https:\/\/api.w.org\/{rel}","templated":true}]}}