{"id":200628,"date":"2026-03-02T12:24:57","date_gmt":"2026-03-02T12:24:57","guid":{"rendered":"https:\/\/iber.market\/producto\/comprimidos-efervescentes-magnesio-deliplus-300-mg-sabor-naranja\/"},"modified":"2026-03-02T12:24:57","modified_gmt":"2026-03-02T12:24:57","slug":"comprimidos-efervescentes-magnesio-deliplus-300-mg-sabor-naranja","status":"publish","type":"product","link":"https:\/\/iber.market\/en\/product\/comprimidos-efervescentes-magnesio-deliplus-300-mg-sabor-naranja\/","title":{"rendered":"Effervescent magnesium tablets Deliplus 300 mg orange flavor"},"content":{"rendered":"<p>Comprimidos efervescentes magnesio Deliplus 300 mg sabor naranja aporta magnesio dentro de la gama de parafarmacia espa\u00f1ola. Ideal para quienes desean mantener una rutina equilibrada incluso viviendo fuera de Espa\u00f1a.<\/p>\n<p>Producto dise\u00f1ado para integrarse f\u00e1cilmente en el d\u00eda a d\u00eda, con la garant\u00eda de calidad europea.<\/p>","protected":false},"excerpt":{"rendered":"<p>Comprimidos efervescentes magnesio Deliplus 300 mg sabor naranja. Suplemento de magnesio de calidad espa\u00f1ola para tu bienestar diario en Europa.<\/p>","protected":false},"featured_media":200629,"template":"","meta":[],"product_brand":[],"product_cat":[146],"product_tag":[],"class_list":{"0":"post-200628","1":"product","2":"type-product","3":"status-publish","4":"has-post-thumbnail","6":"product_cat-fitoterapia-y-parafarmacia","8":"first","9":"instock","10":"taxable","11":"shipping-taxable","12":"purchasable","13":"product-type-simple"},"jetpack_sharing_enabled":true,"_links":{"self":[{"href":"https:\/\/iber.market\/en\/wp-json\/wp\/v2\/product\/200628","targetHints":{"allow":["GET"]}}],"collection":[{"href":"https:\/\/iber.market\/en\/wp-json\/wp\/v2\/product"}],"about":[{"href":"https:\/\/iber.market\/en\/wp-json\/wp\/v2\/types\/product"}],"wp:featuredmedia":[{"embeddable":true,"href":"https:\/\/iber.market\/en\/wp-json\/wp\/v2\/media\/200629"}],"wp:attachment":[{"href":"https:\/\/iber.market\/en\/wp-json\/wp\/v2\/media?parent=200628"}],"wp:term":[{"taxonomy":"product_brand","embeddable":true,"href":"https:\/\/iber.market\/en\/wp-json\/wp\/v2\/product_brand?post=200628"},{"taxonomy":"product_cat","embeddable":true,"href":"https:\/\/iber.market\/en\/wp-json\/wp\/v2\/product_cat?post=200628"},{"taxonomy":"product_tag","embeddable":true,"href":"https:\/\/iber.market\/en\/wp-json\/wp\/v2\/product_tag?post=200628"}],"curies":[{"name":"wp","href":"https:\/\/api.w.org\/{rel}","templated":true}]}}