{"id":200579,"date":"2026-03-02T12:24:48","date_gmt":"2026-03-02T12:24:48","guid":{"rendered":"https:\/\/iber.market\/producto\/tiras-adhesivas-protectoras-de-espuma-acolchado-deliplus-proteccion-extra\/"},"modified":"2026-03-02T12:24:48","modified_gmt":"2026-03-02T12:24:48","slug":"tiras-adhesivas-protectoras-de-espuma-acolchado-deliplus-proteccion-extra","status":"publish","type":"product","link":"https:\/\/iber.market\/en\/product\/tiras-adhesivas-protectoras-de-espuma-acolchado-deliplus-proteccion-extra\/","title":{"rendered":"Protective foam padding adhesive strips Deliplus extra protection"},"content":{"rendered":"<p>Tiras adhesivas protectoras de espuma acolchado Deliplus protecci\u00f3n extra pertenece a la gama de parafarmacia espa\u00f1ola orientada al cuidado personal y bienestar. Ideal para espa\u00f1oles en el extranjero y europeos interesados en productos naturales con est\u00e1ndares europeos.<\/p>","protected":false},"excerpt":{"rendered":"<p>Tiras adhesivas protectoras de espuma acolchado Deliplus protecci\u00f3n extra. Producto de fitoterapia y parafarmacia espa\u00f1ola ideal para tu bienestar diario en Europa.<\/p>","protected":false},"featured_media":200580,"template":"","meta":[],"product_brand":[],"product_cat":[146],"product_tag":[],"class_list":{"0":"post-200579","1":"product","2":"type-product","3":"status-publish","4":"has-post-thumbnail","6":"product_cat-fitoterapia-y-parafarmacia","8":"first","9":"instock","10":"taxable","11":"shipping-taxable","12":"purchasable","13":"product-type-simple"},"jetpack_sharing_enabled":true,"_links":{"self":[{"href":"https:\/\/iber.market\/en\/wp-json\/wp\/v2\/product\/200579","targetHints":{"allow":["GET"]}}],"collection":[{"href":"https:\/\/iber.market\/en\/wp-json\/wp\/v2\/product"}],"about":[{"href":"https:\/\/iber.market\/en\/wp-json\/wp\/v2\/types\/product"}],"wp:featuredmedia":[{"embeddable":true,"href":"https:\/\/iber.market\/en\/wp-json\/wp\/v2\/media\/200580"}],"wp:attachment":[{"href":"https:\/\/iber.market\/en\/wp-json\/wp\/v2\/media?parent=200579"}],"wp:term":[{"taxonomy":"product_brand","embeddable":true,"href":"https:\/\/iber.market\/en\/wp-json\/wp\/v2\/product_brand?post=200579"},{"taxonomy":"product_cat","embeddable":true,"href":"https:\/\/iber.market\/en\/wp-json\/wp\/v2\/product_cat?post=200579"},{"taxonomy":"product_tag","embeddable":true,"href":"https:\/\/iber.market\/en\/wp-json\/wp\/v2\/product_tag?post=200579"}],"curies":[{"name":"wp","href":"https:\/\/api.w.org\/{rel}","templated":true}]}}