{"id":200570,"date":"2026-03-02T12:24:47","date_gmt":"2026-03-02T12:24:47","guid":{"rendered":"https:\/\/iber.market\/producto\/apositos-hidrocoloides-adhesivos-para-ampollas-y-rozaduras-deliplus-surtidos\/"},"modified":"2026-03-02T12:24:48","modified_gmt":"2026-03-02T12:24:48","slug":"apositos-hidrocoloides-adhesivos-para-ampollas-y-rozaduras-deliplus-surtidos","status":"publish","type":"product","link":"https:\/\/iber.market\/en\/product\/apositos-hidrocoloides-adhesivos-para-ampollas-y-rozaduras-deliplus-surtidos\/","title":{"rendered":"Adhesive hydrocolloid dressings for blisters and chafing Deliplus assortments"},"content":{"rendered":"<p>Ap\u00f3sitos hidrocoloides adhesivos para ampollas y rozaduras Deliplus surtidos pertenece a la gama de parafarmacia espa\u00f1ola orientada al cuidado personal y bienestar. Ideal para espa\u00f1oles en el extranjero y europeos interesados en productos naturales con est\u00e1ndares europeos.<\/p>","protected":false},"excerpt":{"rendered":"<p>Ap\u00f3sitos hidrocoloides adhesivos para ampollas y rozaduras Deliplus surtidos. Producto de fitoterapia y parafarmacia espa\u00f1ola ideal para tu bienestar diario en Europa.<\/p>","protected":false},"featured_media":200571,"template":"","meta":[],"product_brand":[],"product_cat":[146],"product_tag":[],"class_list":{"0":"post-200570","1":"product","2":"type-product","3":"status-publish","4":"has-post-thumbnail","6":"product_cat-fitoterapia-y-parafarmacia","8":"first","9":"instock","10":"taxable","11":"shipping-taxable","12":"purchasable","13":"product-type-simple"},"jetpack_sharing_enabled":true,"_links":{"self":[{"href":"https:\/\/iber.market\/en\/wp-json\/wp\/v2\/product\/200570","targetHints":{"allow":["GET"]}}],"collection":[{"href":"https:\/\/iber.market\/en\/wp-json\/wp\/v2\/product"}],"about":[{"href":"https:\/\/iber.market\/en\/wp-json\/wp\/v2\/types\/product"}],"wp:featuredmedia":[{"embeddable":true,"href":"https:\/\/iber.market\/en\/wp-json\/wp\/v2\/media\/200571"}],"wp:attachment":[{"href":"https:\/\/iber.market\/en\/wp-json\/wp\/v2\/media?parent=200570"}],"wp:term":[{"taxonomy":"product_brand","embeddable":true,"href":"https:\/\/iber.market\/en\/wp-json\/wp\/v2\/product_brand?post=200570"},{"taxonomy":"product_cat","embeddable":true,"href":"https:\/\/iber.market\/en\/wp-json\/wp\/v2\/product_cat?post=200570"},{"taxonomy":"product_tag","embeddable":true,"href":"https:\/\/iber.market\/en\/wp-json\/wp\/v2\/product_tag?post=200570"}],"curies":[{"name":"wp","href":"https:\/\/api.w.org\/{rel}","templated":true}]}}