{"id":200553,"date":"2026-03-02T12:24:46","date_gmt":"2026-03-02T12:24:46","guid":{"rendered":"https:\/\/iber.market\/producto\/stick-de-arnica-cata-pum-deliplus\/"},"modified":"2026-03-02T12:24:46","modified_gmt":"2026-03-02T12:24:46","slug":"stick-de-arnica-cata-pum-deliplus","status":"publish","type":"product","link":"https:\/\/iber.market\/en\/product\/stick-de-arnica-cata-pum-deliplus\/","title":{"rendered":"Cata Pum Deliplus arnica stick"},"content":{"rendered":"<p>Stick de \u00e1rnica Cata Pum Deliplus pertenece a la gama de parafarmacia espa\u00f1ola orientada al cuidado personal y bienestar. Ideal para espa\u00f1oles en el extranjero y europeos interesados en productos naturales con est\u00e1ndares europeos.<\/p>","protected":false},"excerpt":{"rendered":"<p>Stick de \u00e1rnica Cata Pum Deliplus. Producto de fitoterapia y parafarmacia espa\u00f1ola ideal para tu bienestar diario en Europa.<\/p>","protected":false},"featured_media":200554,"template":"","meta":[],"product_brand":[],"product_cat":[146],"product_tag":[],"class_list":{"0":"post-200553","1":"product","2":"type-product","3":"status-publish","4":"has-post-thumbnail","6":"product_cat-fitoterapia-y-parafarmacia","8":"first","9":"instock","10":"taxable","11":"shipping-taxable","12":"purchasable","13":"product-type-simple"},"jetpack_sharing_enabled":true,"_links":{"self":[{"href":"https:\/\/iber.market\/en\/wp-json\/wp\/v2\/product\/200553","targetHints":{"allow":["GET"]}}],"collection":[{"href":"https:\/\/iber.market\/en\/wp-json\/wp\/v2\/product"}],"about":[{"href":"https:\/\/iber.market\/en\/wp-json\/wp\/v2\/types\/product"}],"wp:featuredmedia":[{"embeddable":true,"href":"https:\/\/iber.market\/en\/wp-json\/wp\/v2\/media\/200554"}],"wp:attachment":[{"href":"https:\/\/iber.market\/en\/wp-json\/wp\/v2\/media?parent=200553"}],"wp:term":[{"taxonomy":"product_brand","embeddable":true,"href":"https:\/\/iber.market\/en\/wp-json\/wp\/v2\/product_brand?post=200553"},{"taxonomy":"product_cat","embeddable":true,"href":"https:\/\/iber.market\/en\/wp-json\/wp\/v2\/product_cat?post=200553"},{"taxonomy":"product_tag","embeddable":true,"href":"https:\/\/iber.market\/en\/wp-json\/wp\/v2\/product_tag?post=200553"}],"curies":[{"name":"wp","href":"https:\/\/api.w.org\/{rel}","templated":true}]}}