{"id":200336,"date":"2026-03-02T06:18:14","date_gmt":"2026-03-02T06:18:14","guid":{"rendered":"https:\/\/iber.market\/producto\/cacahuete-frito-con-miel-hacendado\/"},"modified":"2026-03-02T06:18:15","modified_gmt":"2026-03-02T06:18:15","slug":"cacahuete-frito-con-miel-hacendado","status":"publish","type":"product","link":"https:\/\/iber.market\/en\/product\/cacahuete-frito-con-miel-hacendado\/","title":{"rendered":"Hacendado fried peanuts with honey"},"content":{"rendered":"<p>Cacahuete frito con miel Hacendado es un producto emblem\u00e1tico del aperitivo espa\u00f1ol. Perfecto para espa\u00f1oles que viven fuera de Espa\u00f1a y desean mantener el sabor de casa, as\u00ed como para europeos que buscan descubrir la aut\u00e9ntica gastronom\u00eda mediterr\u00e1nea.<\/p>\n<p>This product belongs to the Aperitifs category and is ideal for sharing, to accompany wines or beers, or to be part of a Spanish style appetizer table. Its quality and flavor represent the true culinary character of Spain.<\/p>\n<p>Si quieres comprar aceitunas, encurtidos, frutos secos y snacks espa\u00f1oles online en Europa, Cacahuete frito con miel Hacendado es una excelente elecci\u00f3n para disfrutar de un aut\u00e9ntico &#8216;taste of Spain&#8217;.<\/p>","protected":false},"excerpt":{"rendered":"<p>Cacahuete frito con miel Hacendado. Aperitivo espa\u00f1ol ideal para expatriados y amantes del aut\u00e9ntico sabor mediterr\u00e1neo en Europa.<\/p>","protected":false},"featured_media":200337,"template":"","meta":[],"product_brand":[],"product_cat":[66],"product_tag":[],"class_list":{"0":"post-200336","1":"product","2":"type-product","3":"status-publish","4":"has-post-thumbnail","6":"product_cat-frutos-secos-y-snacks","8":"first","9":"instock","10":"taxable","11":"shipping-taxable","12":"purchasable","13":"product-type-simple"},"jetpack_sharing_enabled":true,"_links":{"self":[{"href":"https:\/\/iber.market\/en\/wp-json\/wp\/v2\/product\/200336","targetHints":{"allow":["GET"]}}],"collection":[{"href":"https:\/\/iber.market\/en\/wp-json\/wp\/v2\/product"}],"about":[{"href":"https:\/\/iber.market\/en\/wp-json\/wp\/v2\/types\/product"}],"wp:featuredmedia":[{"embeddable":true,"href":"https:\/\/iber.market\/en\/wp-json\/wp\/v2\/media\/200337"}],"wp:attachment":[{"href":"https:\/\/iber.market\/en\/wp-json\/wp\/v2\/media?parent=200336"}],"wp:term":[{"taxonomy":"product_brand","embeddable":true,"href":"https:\/\/iber.market\/en\/wp-json\/wp\/v2\/product_brand?post=200336"},{"taxonomy":"product_cat","embeddable":true,"href":"https:\/\/iber.market\/en\/wp-json\/wp\/v2\/product_cat?post=200336"},{"taxonomy":"product_tag","embeddable":true,"href":"https:\/\/iber.market\/en\/wp-json\/wp\/v2\/product_tag?post=200336"}],"curies":[{"name":"wp","href":"https:\/\/api.w.org\/{rel}","templated":true}]}}