{"id":199948,"date":"2026-03-02T02:50:48","date_gmt":"2026-03-02T02:50:48","guid":{"rendered":"https:\/\/iber.market\/producto\/mermelada-de-naranja-amarga-hacendado\/"},"modified":"2026-03-02T21:59:11","modified_gmt":"2026-03-02T21:59:11","slug":"mermelada-de-naranja-amarga-hacendado","status":"publish","type":"product","link":"https:\/\/iber.market\/en\/product\/mermelada-de-naranja-amarga-hacendado\/","title":{"rendered":"Bitter orange marmalade Hacendado"},"content":{"rendered":"<p>Mermelada de naranja amarga Hacendado es una opci\u00f3n perfecta para disfrutar de los sabores m\u00e1s tradicionales de la despensa espa\u00f1ola. Ideal para espa\u00f1oles que viven fuera de Espa\u00f1a y quieren mantener sus costumbres gastron\u00f3micas, as\u00ed como para europeos que buscan descubrir productos dulces aut\u00e9nticamente espa\u00f1oles.<\/p>\n<p>This product belongs to the Sugar, candies and chocolate category and is perfect for breakfast, snacks or to accompany desserts and homemade recipes. Its quality and flavor evoke the authentic Mediterranean style.<\/p>\n<p>Si quieres comprar mermeladas y miel espa\u00f1ola online en Europa, Mermelada de naranja amarga Hacendado es una excelente elecci\u00f3n para llevar el verdadero &#8216;taste of Spain&#8217; a tu mesa.<\/p>","protected":false},"excerpt":{"rendered":"<p>Mermelada de naranja amarga Hacendado. Producto tradicional espa\u00f1ol ideal para expatriados y amantes del aut\u00e9ntico sabor dulce de Espa\u00f1a en Europa.<\/p>","protected":false},"featured_media":199949,"template":"","meta":[],"product_brand":[],"product_cat":[82],"product_tag":[],"class_list":{"0":"post-199948","1":"product","2":"type-product","3":"status-publish","4":"has-post-thumbnail","6":"product_cat-mermelada-y-miel","8":"first","9":"instock","10":"taxable","11":"shipping-taxable","12":"purchasable","13":"product-type-simple"},"jetpack_sharing_enabled":true,"_links":{"self":[{"href":"https:\/\/iber.market\/en\/wp-json\/wp\/v2\/product\/199948","targetHints":{"allow":["GET"]}}],"collection":[{"href":"https:\/\/iber.market\/en\/wp-json\/wp\/v2\/product"}],"about":[{"href":"https:\/\/iber.market\/en\/wp-json\/wp\/v2\/types\/product"}],"wp:featuredmedia":[{"embeddable":true,"href":"https:\/\/iber.market\/en\/wp-json\/wp\/v2\/media\/199949"}],"wp:attachment":[{"href":"https:\/\/iber.market\/en\/wp-json\/wp\/v2\/media?parent=199948"}],"wp:term":[{"taxonomy":"product_brand","embeddable":true,"href":"https:\/\/iber.market\/en\/wp-json\/wp\/v2\/product_brand?post=199948"},{"taxonomy":"product_cat","embeddable":true,"href":"https:\/\/iber.market\/en\/wp-json\/wp\/v2\/product_cat?post=199948"},{"taxonomy":"product_tag","embeddable":true,"href":"https:\/\/iber.market\/en\/wp-json\/wp\/v2\/product_tag?post=199948"}],"curies":[{"name":"wp","href":"https:\/\/api.w.org\/{rel}","templated":true}]}}