{"id":197936,"date":"2026-02-24T03:53:28","date_gmt":"2026-02-24T03:53:28","guid":{"rendered":"https:\/\/iber.market\/producto\/crema-facial-revitaliza-y-reestructura-sisbela-reafirm-deliplus-con-acido-ribonucleico-rna-acido-desoxirribonucleico-dna-y-silicio\/"},"modified":"2026-02-24T03:53:28","modified_gmt":"2026-02-24T03:53:28","slug":"crema-facial-revitaliza-y-reestructura-sisbela-reafirm-deliplus-con-acido-ribonucleico-rna-acido-desoxirribonucleico-dna-y-silicio","status":"publish","type":"product","link":"https:\/\/iber.market\/en\/product\/crema-facial-revitaliza-y-reestructura-sisbela-reafirm-deliplus-con-acido-ribonucleico-rna-acido-desoxirribonucleico-dna-y-silicio\/","title":{"rendered":"Crema facial Revitaliza y Reestructura Sisbela Reafirm Deliplus con \u00e1cido ribonucleico RNA, \u00e1cido desoxirribonucleico DNA y silicio"},"content":{"rendered":"<p>Crema facial Revitaliza y Reestructura Sisbela Reafirm Deliplus con \u00e1cido ribonucleico RNA, \u00e1cido desoxirribonucleico DNA y silicio es una excelente opci\u00f3n para quienes viven fuera de Espa\u00f1a y quieren seguir utilizando productos de higiene y cuidado personal similares a los que se encuentran habitualmente en el mercado espa\u00f1ol. Pensado para expatriados espa\u00f1oles en Europa y consumidores que valoran la calidad y tradici\u00f3n de los productos espa\u00f1oles, ofreciendo comodidad y confianza en el cuidado diario.<\/p>","protected":false},"excerpt":{"rendered":"<p>Crema facial Revitaliza y Reestructura Sisbela Reafirm Deliplus con \u00e1cido ribonucleico RNA, \u00e1cido desoxirribonucleico DNA y silicio con calidad inspirada en el cuidado personal habitual en Espa\u00f1a. Ideal para expatriados en Europa y amantes de los productos espa\u00f1oles.<\/p>","protected":false},"featured_media":197937,"template":"","meta":[],"product_brand":[],"product_cat":[365],"product_tag":[],"class_list":{"0":"post-197936","1":"product","2":"type-product","3":"status-publish","4":"has-post-thumbnail","6":"product_cat-cuidado-corporal-y-facial","8":"first","9":"instock","10":"taxable","11":"shipping-taxable","12":"purchasable","13":"product-type-simple"},"jetpack_sharing_enabled":true,"_links":{"self":[{"href":"https:\/\/iber.market\/en\/wp-json\/wp\/v2\/product\/197936","targetHints":{"allow":["GET"]}}],"collection":[{"href":"https:\/\/iber.market\/en\/wp-json\/wp\/v2\/product"}],"about":[{"href":"https:\/\/iber.market\/en\/wp-json\/wp\/v2\/types\/product"}],"wp:featuredmedia":[{"embeddable":true,"href":"https:\/\/iber.market\/en\/wp-json\/wp\/v2\/media\/197937"}],"wp:attachment":[{"href":"https:\/\/iber.market\/en\/wp-json\/wp\/v2\/media?parent=197936"}],"wp:term":[{"taxonomy":"product_brand","embeddable":true,"href":"https:\/\/iber.market\/en\/wp-json\/wp\/v2\/product_brand?post=197936"},{"taxonomy":"product_cat","embeddable":true,"href":"https:\/\/iber.market\/en\/wp-json\/wp\/v2\/product_cat?post=197936"},{"taxonomy":"product_tag","embeddable":true,"href":"https:\/\/iber.market\/en\/wp-json\/wp\/v2\/product_tag?post=197936"}],"curies":[{"name":"wp","href":"https:\/\/api.w.org\/{rel}","templated":true}]}}