{"id":196774,"date":"2026-02-24T03:50:07","date_gmt":"2026-02-24T03:50:07","guid":{"rendered":"https:\/\/iber.market\/producto\/lote-hombre-como-tu-fuerza\/"},"modified":"2026-02-24T03:50:07","modified_gmt":"2026-02-24T03:50:07","slug":"lote-hombre-como-tu-fuerza","status":"publish","type":"product","link":"https:\/\/iber.market\/en\/product\/lote-hombre-como-tu-fuerza\/","title":{"rendered":"Men's Lot Like you Strength"},"content":{"rendered":"<p>Lote hombre Como t\u00fa Fuerza es una excelente opci\u00f3n para quienes viven fuera de Espa\u00f1a y quieren seguir utilizando productos de higiene y cuidado personal similares a los que se encuentran habitualmente en el mercado espa\u00f1ol. Pensado para expatriados espa\u00f1oles en Europa y consumidores que valoran la calidad y tradici\u00f3n de los productos espa\u00f1oles, ofreciendo comodidad y confianza en el cuidado diario.<\/p>","protected":false},"excerpt":{"rendered":"<p>Lote hombre Como t\u00fa Fuerza con calidad inspirada en el cuidado personal habitual en Espa\u00f1a. Ideal para expatriados en Europa y amantes de los productos espa\u00f1oles.<\/p>","protected":false},"featured_media":196775,"template":"","meta":[],"product_brand":[],"product_cat":[366],"product_tag":[],"class_list":{"0":"post-196774","1":"product","2":"type-product","3":"status-publish","4":"has-post-thumbnail","6":"product_cat-perfumes-y-colonias","8":"first","9":"instock","10":"taxable","11":"shipping-taxable","12":"purchasable","13":"product-type-simple"},"jetpack_sharing_enabled":true,"_links":{"self":[{"href":"https:\/\/iber.market\/en\/wp-json\/wp\/v2\/product\/196774","targetHints":{"allow":["GET"]}}],"collection":[{"href":"https:\/\/iber.market\/en\/wp-json\/wp\/v2\/product"}],"about":[{"href":"https:\/\/iber.market\/en\/wp-json\/wp\/v2\/types\/product"}],"wp:featuredmedia":[{"embeddable":true,"href":"https:\/\/iber.market\/en\/wp-json\/wp\/v2\/media\/196775"}],"wp:attachment":[{"href":"https:\/\/iber.market\/en\/wp-json\/wp\/v2\/media?parent=196774"}],"wp:term":[{"taxonomy":"product_brand","embeddable":true,"href":"https:\/\/iber.market\/en\/wp-json\/wp\/v2\/product_brand?post=196774"},{"taxonomy":"product_cat","embeddable":true,"href":"https:\/\/iber.market\/en\/wp-json\/wp\/v2\/product_cat?post=196774"},{"taxonomy":"product_tag","embeddable":true,"href":"https:\/\/iber.market\/en\/wp-json\/wp\/v2\/product_tag?post=196774"}],"curies":[{"name":"wp","href":"https:\/\/api.w.org\/{rel}","templated":true}]}}