{"id":196317,"date":"2026-02-23T13:57:20","date_gmt":"2026-02-23T13:57:20","guid":{"rendered":"https:\/\/iber.market\/producto\/preparado-en-polvo-cuajada-azucarada-royal-sabor-lacteo\/"},"modified":"2026-02-23T13:57:20","modified_gmt":"2026-02-23T13:57:20","slug":"preparado-en-polvo-cuajada-azucarada-royal-sabor-lacteo","status":"publish","type":"product","link":"https:\/\/iber.market\/en\/product\/preparado-en-polvo-cuajada-azucarada-royal-sabor-lacteo\/","title":{"rendered":"Royal Milk Flavor Sweetened Curd Powder"},"content":{"rendered":"<p>Preparado en polvo cuajada azucarada Royal sabor l\u00e1cteo es perfecto para quienes viven fuera de Espa\u00f1a y quieren seguir disfrutando del sabor tradicional de la panader\u00eda y reposter\u00eda espa\u00f1ola. Inspirado en recetas habituales de Espa\u00f1a, resulta ideal para desayunos, meriendas o momentos dulces manteniendo el v\u00ednculo con la cultura gastron\u00f3mica espa\u00f1ola. Una opci\u00f3n pensada para expatriados y consumidores europeos que valoran los productos t\u00edpicos de Espa\u00f1a.<\/p>","protected":false},"excerpt":{"rendered":"<p>Preparado en polvo cuajada azucarada Royal sabor l\u00e1cteo con aut\u00e9ntico sabor de la panader\u00eda y reposter\u00eda espa\u00f1ola. Ideal para expatriados en Europa y amantes de la gastronom\u00eda espa\u00f1ola.<\/p>","protected":false},"featured_media":196318,"template":"","meta":[],"product_brand":[],"product_cat":[188],"product_tag":[],"class_list":{"0":"post-196317","1":"product","2":"type-product","3":"status-publish","4":"has-post-thumbnail","6":"product_cat-harinas-y-reposteria","8":"first","9":"instock","10":"taxable","11":"shipping-taxable","12":"purchasable","13":"product-type-simple"},"jetpack_sharing_enabled":true,"_links":{"self":[{"href":"https:\/\/iber.market\/en\/wp-json\/wp\/v2\/product\/196317","targetHints":{"allow":["GET"]}}],"collection":[{"href":"https:\/\/iber.market\/en\/wp-json\/wp\/v2\/product"}],"about":[{"href":"https:\/\/iber.market\/en\/wp-json\/wp\/v2\/types\/product"}],"wp:featuredmedia":[{"embeddable":true,"href":"https:\/\/iber.market\/en\/wp-json\/wp\/v2\/media\/196318"}],"wp:attachment":[{"href":"https:\/\/iber.market\/en\/wp-json\/wp\/v2\/media?parent=196317"}],"wp:term":[{"taxonomy":"product_brand","embeddable":true,"href":"https:\/\/iber.market\/en\/wp-json\/wp\/v2\/product_brand?post=196317"},{"taxonomy":"product_cat","embeddable":true,"href":"https:\/\/iber.market\/en\/wp-json\/wp\/v2\/product_cat?post=196317"},{"taxonomy":"product_tag","embeddable":true,"href":"https:\/\/iber.market\/en\/wp-json\/wp\/v2\/product_tag?post=196317"}],"curies":[{"name":"wp","href":"https:\/\/api.w.org\/{rel}","templated":true}]}}