{"id":196302,"date":"2026-02-23T13:57:19","date_gmt":"2026-02-23T13:57:19","guid":{"rendered":"https:\/\/iber.market\/producto\/aroma-de-vainilla-hacendado\/"},"modified":"2026-02-23T13:57:19","modified_gmt":"2026-02-23T13:57:19","slug":"hacendado-vanilla-flavor","status":"publish","type":"product","link":"https:\/\/iber.market\/en\/product\/hacendado-vanilla-flavor\/","title":{"rendered":"Hacendado vanilla flavor"},"content":{"rendered":"<p>Aroma de vainilla Hacendado es perfecto para quienes viven fuera de Espa\u00f1a y quieren seguir disfrutando del sabor tradicional de la panader\u00eda y reposter\u00eda espa\u00f1ola. Inspirado en recetas habituales de Espa\u00f1a, resulta ideal para desayunos, meriendas o momentos dulces manteniendo el v\u00ednculo con la cultura gastron\u00f3mica espa\u00f1ola. Una opci\u00f3n pensada para expatriados y consumidores europeos que valoran los productos t\u00edpicos de Espa\u00f1a.<\/p>","protected":false},"excerpt":{"rendered":"<p>Aroma de vainilla Hacendado con aut\u00e9ntico sabor de la panader\u00eda y reposter\u00eda espa\u00f1ola. Ideal para expatriados en Europa y amantes de la gastronom\u00eda espa\u00f1ola.<\/p>","protected":false},"featured_media":196303,"template":"","meta":[],"product_brand":[],"product_cat":[188],"product_tag":[],"class_list":{"0":"post-196302","1":"product","2":"type-product","3":"status-publish","4":"has-post-thumbnail","6":"product_cat-harinas-y-reposteria","8":"first","9":"instock","10":"taxable","11":"shipping-taxable","12":"purchasable","13":"product-type-simple"},"jetpack_sharing_enabled":true,"_links":{"self":[{"href":"https:\/\/iber.market\/en\/wp-json\/wp\/v2\/product\/196302","targetHints":{"allow":["GET"]}}],"collection":[{"href":"https:\/\/iber.market\/en\/wp-json\/wp\/v2\/product"}],"about":[{"href":"https:\/\/iber.market\/en\/wp-json\/wp\/v2\/types\/product"}],"wp:featuredmedia":[{"embeddable":true,"href":"https:\/\/iber.market\/en\/wp-json\/wp\/v2\/media\/196303"}],"wp:attachment":[{"href":"https:\/\/iber.market\/en\/wp-json\/wp\/v2\/media?parent=196302"}],"wp:term":[{"taxonomy":"product_brand","embeddable":true,"href":"https:\/\/iber.market\/en\/wp-json\/wp\/v2\/product_brand?post=196302"},{"taxonomy":"product_cat","embeddable":true,"href":"https:\/\/iber.market\/en\/wp-json\/wp\/v2\/product_cat?post=196302"},{"taxonomy":"product_tag","embeddable":true,"href":"https:\/\/iber.market\/en\/wp-json\/wp\/v2\/product_tag?post=196302"}],"curies":[{"name":"wp","href":"https:\/\/api.w.org\/{rel}","templated":true}]}}