{"id":196181,"date":"2026-02-23T13:56:56","date_gmt":"2026-02-23T13:56:56","guid":{"rendered":"https:\/\/iber.market\/producto\/crackers-30-integral\/"},"modified":"2026-02-23T13:56:56","modified_gmt":"2026-02-23T13:56:56","slug":"crackers-30-wholemeal","status":"publish","type":"product","link":"https:\/\/iber.market\/en\/product\/crackers-30-wholemeal\/","title":{"rendered":"Crackers 30% integral"},"content":{"rendered":"<p>Crackers 30% integral es perfecto para quienes viven fuera de Espa\u00f1a y quieren seguir disfrutando del sabor tradicional de la panader\u00eda y reposter\u00eda espa\u00f1ola. Inspirado en recetas habituales de Espa\u00f1a, resulta ideal para desayunos, meriendas o momentos dulces manteniendo el v\u00ednculo con la cultura gastron\u00f3mica espa\u00f1ola. Una opci\u00f3n pensada para expatriados y consumidores europeos que valoran los productos t\u00edpicos de Espa\u00f1a.<\/p>","protected":false},"excerpt":{"rendered":"<p>Crackers 30% integral con aut\u00e9ntico sabor de la panader\u00eda y reposter\u00eda espa\u00f1ola. Ideal para expatriados en Europa y amantes de la gastronom\u00eda espa\u00f1ola.<\/p>","protected":false},"featured_media":196182,"template":"","meta":[],"product_brand":[],"product_cat":[192],"product_tag":[],"class_list":{"0":"post-196181","1":"product","2":"type-product","3":"status-publish","4":"has-post-thumbnail","6":"product_cat-pan-tostado-y-rallado","8":"first","9":"instock","10":"taxable","11":"shipping-taxable","12":"purchasable","13":"product-type-simple"},"jetpack_sharing_enabled":true,"_links":{"self":[{"href":"https:\/\/iber.market\/en\/wp-json\/wp\/v2\/product\/196181","targetHints":{"allow":["GET"]}}],"collection":[{"href":"https:\/\/iber.market\/en\/wp-json\/wp\/v2\/product"}],"about":[{"href":"https:\/\/iber.market\/en\/wp-json\/wp\/v2\/types\/product"}],"wp:featuredmedia":[{"embeddable":true,"href":"https:\/\/iber.market\/en\/wp-json\/wp\/v2\/media\/196182"}],"wp:attachment":[{"href":"https:\/\/iber.market\/en\/wp-json\/wp\/v2\/media?parent=196181"}],"wp:term":[{"taxonomy":"product_brand","embeddable":true,"href":"https:\/\/iber.market\/en\/wp-json\/wp\/v2\/product_brand?post=196181"},{"taxonomy":"product_cat","embeddable":true,"href":"https:\/\/iber.market\/en\/wp-json\/wp\/v2\/product_cat?post=196181"},{"taxonomy":"product_tag","embeddable":true,"href":"https:\/\/iber.market\/en\/wp-json\/wp\/v2\/product_tag?post=196181"}],"curies":[{"name":"wp","href":"https:\/\/api.w.org\/{rel}","templated":true}]}}