{"id":193706,"date":"2026-02-21T13:32:21","date_gmt":"2026-02-21T13:32:21","guid":{"rendered":"https:\/\/iber.market\/producto\/paleta-de-cebo-iberica-la-hacienda-del-iberico\/"},"modified":"2026-03-02T21:59:31","modified_gmt":"2026-03-02T21:59:31","slug":"la-hacienda-del-iberico-iberico-shoulder-of-pork-shoulder","status":"publish","type":"product","link":"https:\/\/iber.market\/en\/product\/la-hacienda-del-iberico-iberico-shoulder-of-pork-shoulder\/","title":{"rendered":"La Hacienda del Ib\u00e9rico Iberian pork shoulder"},"content":{"rendered":"<p>Enjoy La Hacienda del Ib\u00e9rico Paleta de cebo ib\u00e9rico, a selected product from the Spanish market, perfect for those who live outside Spain or for Europeans with a passion for Mediterranean gastronomy.<\/p>\n<p>Chosen for its authenticity and quality, it represents the traditional Spanish flavors that many expatriates seek to stay connected to their culinary culture.<\/p>\n<p>\u2714 Typical product for the Spanish market<br \/>\n\u2714 Ideal for expatriates and lovers of Spain.<br \/>\n\u2714 Perfect for Mediterranean and gourmet cuisine.<br \/>\n\u2714 International shipping from Spain<\/p>\n<p>Discover or recover the authentic taste of Spain with Paleta de cebo ib\u00e9rico La Hacienda del Ib\u00e9rico, available online for all Europe.<\/p>","protected":false},"excerpt":{"rendered":"<p>Paleta de cebo iberico iberico La Hacienda del Ib\u00e9rico authentic Spanish market, ideal for expatriates and lovers of Mediterranean cuisine. Selected quality and shipped to Europe to enjoy the real taste of Spain.<\/p>","protected":false},"featured_media":193707,"template":"","meta":[],"product_brand":[],"product_cat":[62],"product_tag":[],"class_list":{"0":"post-193706","1":"product","2":"type-product","3":"status-publish","4":"has-post-thumbnail","6":"product_cat-jamon-y-embutidos-selectos","8":"first","9":"instock","10":"taxable","11":"shipping-taxable","12":"purchasable","13":"product-type-simple"},"jetpack_sharing_enabled":true,"_links":{"self":[{"href":"https:\/\/iber.market\/en\/wp-json\/wp\/v2\/product\/193706","targetHints":{"allow":["GET"]}}],"collection":[{"href":"https:\/\/iber.market\/en\/wp-json\/wp\/v2\/product"}],"about":[{"href":"https:\/\/iber.market\/en\/wp-json\/wp\/v2\/types\/product"}],"wp:featuredmedia":[{"embeddable":true,"href":"https:\/\/iber.market\/en\/wp-json\/wp\/v2\/media\/193707"}],"wp:attachment":[{"href":"https:\/\/iber.market\/en\/wp-json\/wp\/v2\/media?parent=193706"}],"wp:term":[{"taxonomy":"product_brand","embeddable":true,"href":"https:\/\/iber.market\/en\/wp-json\/wp\/v2\/product_brand?post=193706"},{"taxonomy":"product_cat","embeddable":true,"href":"https:\/\/iber.market\/en\/wp-json\/wp\/v2\/product_cat?post=193706"},{"taxonomy":"product_tag","embeddable":true,"href":"https:\/\/iber.market\/en\/wp-json\/wp\/v2\/product_tag?post=193706"}],"curies":[{"name":"wp","href":"https:\/\/api.w.org\/{rel}","templated":true}]}}