{"id":193651,"date":"2026-02-21T13:32:03","date_gmt":"2026-02-21T13:32:03","guid":{"rendered":"https:\/\/iber.market\/producto\/surtido-pate-de-pato-hacendado\/"},"modified":"2026-03-02T21:59:20","modified_gmt":"2026-03-02T21:59:20","slug":"surtido-pate-de-pato-hacendado","status":"publish","type":"product","link":"https:\/\/iber.market\/en\/product\/surtido-pate-de-pato-hacendado\/","title":{"rendered":"Assortment of Hacendado duck p\u00e2t\u00e9"},"content":{"rendered":"<p>Disfruta de Surtido pat\u00e9 de pato Hacendado, un producto seleccionado del mercado espa\u00f1ol perfecto para quienes viven fuera de Espa\u00f1a o para europeos apasionados por la gastronom\u00eda mediterr\u00e1nea.<\/p>\n<p>Chosen for its authenticity and quality, it represents the traditional Spanish flavors that many expatriates seek to stay connected to their culinary culture.<\/p>\n<p>\u2714 Typical product for the Spanish market<br \/>\n\u2714 Ideal for expatriates and lovers of Spain.<br \/>\n\u2714 Perfect for Mediterranean and gourmet cuisine.<br \/>\n\u2714 International shipping from Spain<\/p>\n<p>Descubre o recupera el aut\u00e9ntico sabor de Espa\u00f1a con Surtido pat\u00e9 de pato Hacendado, disponible online para toda Europa.<\/p>","protected":false},"excerpt":{"rendered":"<p>Surtido pat\u00e9 de pato Hacendado aut\u00e9ntico del mercado espa\u00f1ol, ideal para expatriados y amantes de la gastronom\u00eda mediterr\u00e1nea. Calidad seleccionada y env\u00edo a Europa para disfrutar el verdadero sabor de Espa\u00f1a.<\/p>","protected":false},"featured_media":193652,"template":"","meta":[],"product_brand":[],"product_cat":[62],"product_tag":[],"class_list":{"0":"post-193651","1":"product","2":"type-product","3":"status-publish","4":"has-post-thumbnail","6":"product_cat-jamon-y-embutidos-selectos","8":"first","9":"instock","10":"taxable","11":"shipping-taxable","12":"purchasable","13":"product-type-simple"},"jetpack_sharing_enabled":true,"_links":{"self":[{"href":"https:\/\/iber.market\/en\/wp-json\/wp\/v2\/product\/193651","targetHints":{"allow":["GET"]}}],"collection":[{"href":"https:\/\/iber.market\/en\/wp-json\/wp\/v2\/product"}],"about":[{"href":"https:\/\/iber.market\/en\/wp-json\/wp\/v2\/types\/product"}],"wp:featuredmedia":[{"embeddable":true,"href":"https:\/\/iber.market\/en\/wp-json\/wp\/v2\/media\/193652"}],"wp:attachment":[{"href":"https:\/\/iber.market\/en\/wp-json\/wp\/v2\/media?parent=193651"}],"wp:term":[{"taxonomy":"product_brand","embeddable":true,"href":"https:\/\/iber.market\/en\/wp-json\/wp\/v2\/product_brand?post=193651"},{"taxonomy":"product_cat","embeddable":true,"href":"https:\/\/iber.market\/en\/wp-json\/wp\/v2\/product_cat?post=193651"},{"taxonomy":"product_tag","embeddable":true,"href":"https:\/\/iber.market\/en\/wp-json\/wp\/v2\/product_tag?post=193651"}],"curies":[{"name":"wp","href":"https:\/\/api.w.org\/{rel}","templated":true}]}}