{"id":192549,"date":"2026-02-19T20:29:55","date_gmt":"2026-02-19T20:29:55","guid":{"rendered":"https:\/\/iber.market\/producto\/panales-bebe-talla-6-de-13-18-kg-dodot\/"},"modified":"2026-02-19T20:29:56","modified_gmt":"2026-02-19T20:29:56","slug":"panales-bebe-talla-6-de-13-18-kg-dodot","status":"publish","type":"product","link":"https:\/\/iber.market\/en\/product\/panales-bebe-talla-6-de-13-18-kg-dodot\/","title":{"rendered":"Pa\u00f1ales beb\u00e9 talla 6 de 13-18 kg Dodot"},"content":{"rendered":"<p>Pa\u00f1ales beb\u00e9 talla 6 de 13-18 kg Dodot es un producto infantil habitual en supermercados espa\u00f1oles. Ahora puedes comprar este producto espa\u00f1ol para beb\u00e9 online con env\u00edo a distintos pa\u00edses de Europa. Pensado para expatriados espa\u00f1oles y familias europeas que valoran la calidad y confianza de los productos espa\u00f1oles. Compra productos de beb\u00e9 espa\u00f1oles online y rec\u00edbelos c\u00f3modamente en tu pa\u00eds.<\/p>","protected":false},"excerpt":{"rendered":"<p>Pa\u00f1ales beb\u00e9 talla 6 de 13-18 kg Dodot. Producto espa\u00f1ol para beb\u00e9 disponible online con env\u00edo a Europa. Ideal para expatriados y familias europeas que buscan productos habituales de supermercados espa\u00f1oles.<\/p>","protected":false},"featured_media":192550,"template":"","meta":[],"product_brand":[],"product_cat":[298],"product_tag":[],"class_list":{"0":"post-192549","1":"product","2":"type-product","3":"status-publish","4":"has-post-thumbnail","6":"product_cat-toallitas-y-panales","8":"first","9":"instock","10":"taxable","11":"shipping-taxable","12":"purchasable","13":"product-type-simple"},"jetpack_sharing_enabled":true,"_links":{"self":[{"href":"https:\/\/iber.market\/en\/wp-json\/wp\/v2\/product\/192549","targetHints":{"allow":["GET"]}}],"collection":[{"href":"https:\/\/iber.market\/en\/wp-json\/wp\/v2\/product"}],"about":[{"href":"https:\/\/iber.market\/en\/wp-json\/wp\/v2\/types\/product"}],"wp:featuredmedia":[{"embeddable":true,"href":"https:\/\/iber.market\/en\/wp-json\/wp\/v2\/media\/192550"}],"wp:attachment":[{"href":"https:\/\/iber.market\/en\/wp-json\/wp\/v2\/media?parent=192549"}],"wp:term":[{"taxonomy":"product_brand","embeddable":true,"href":"https:\/\/iber.market\/en\/wp-json\/wp\/v2\/product_brand?post=192549"},{"taxonomy":"product_cat","embeddable":true,"href":"https:\/\/iber.market\/en\/wp-json\/wp\/v2\/product_cat?post=192549"},{"taxonomy":"product_tag","embeddable":true,"href":"https:\/\/iber.market\/en\/wp-json\/wp\/v2\/product_tag?post=192549"}],"curies":[{"name":"wp","href":"https:\/\/api.w.org\/{rel}","templated":true}]}}