{"id":189458,"date":"2026-02-13T19:41:24","date_gmt":"2026-02-13T19:41:24","guid":{"rendered":"https:\/\/iber.market\/producto\/tinto-de-verano-limon-don-simon\/"},"modified":"2026-03-03T14:33:26","modified_gmt":"2026-03-03T14:33:26","slug":"tinto-de-verano-limon-don-simon","status":"publish","type":"product","link":"https:\/\/iber.market\/en\/product\/tinto-de-verano-limon-don-simon\/","title":{"rendered":"Summer red lemon Don Sim\u00f3n"},"content":{"rendered":"<p>Tinto de verano lim\u00f3n Don Sim\u00f3n is an excellent choice for those who are looking for typical Spanish products in Europe. Designed especially for expatriates, European residents or any lover of Spanish gastronomy and beverages, this product stands out for its quality, authentic flavor and tradition. Perfect to share, give as a gift or enjoy at home with the essence of the Spanish lifestyle.<\/p>","protected":false},"excerpt":{"rendered":"<p>Don Simon lemon summer red wine ideal to enjoy the authentic taste of Spain. Perfect for expatriates and European lovers of Spanish gastronomy and drinks.<\/p>","protected":false},"featured_media":189459,"template":"","meta":[],"product_brand":[],"product_cat":[350],"product_tag":[],"class_list":{"0":"post-189458","1":"product","2":"type-product","3":"status-publish","4":"has-post-thumbnail","6":"product_cat-sangria-espanola","8":"first","9":"instock","10":"taxable","11":"shipping-taxable","12":"purchasable","13":"product-type-simple"},"jetpack_sharing_enabled":true,"_links":{"self":[{"href":"https:\/\/iber.market\/en\/wp-json\/wp\/v2\/product\/189458","targetHints":{"allow":["GET"]}}],"collection":[{"href":"https:\/\/iber.market\/en\/wp-json\/wp\/v2\/product"}],"about":[{"href":"https:\/\/iber.market\/en\/wp-json\/wp\/v2\/types\/product"}],"wp:featuredmedia":[{"embeddable":true,"href":"https:\/\/iber.market\/en\/wp-json\/wp\/v2\/media\/189459"}],"wp:attachment":[{"href":"https:\/\/iber.market\/en\/wp-json\/wp\/v2\/media?parent=189458"}],"wp:term":[{"taxonomy":"product_brand","embeddable":true,"href":"https:\/\/iber.market\/en\/wp-json\/wp\/v2\/product_brand?post=189458"},{"taxonomy":"product_cat","embeddable":true,"href":"https:\/\/iber.market\/en\/wp-json\/wp\/v2\/product_cat?post=189458"},{"taxonomy":"product_tag","embeddable":true,"href":"https:\/\/iber.market\/en\/wp-json\/wp\/v2\/product_tag?post=189458"}],"curies":[{"name":"wp","href":"https:\/\/api.w.org\/{rel}","templated":true}]}}