{"id":188077,"date":"2026-01-10T16:19:25","date_gmt":"2026-01-10T16:19:25","guid":{"rendered":"https:\/\/iber.market\/producto\/leche-de-almendra-sin-azucar-ecologica-provamel-1-l\/"},"modified":"2026-01-18T15:27:25","modified_gmt":"2026-01-18T15:27:25","slug":"leche-de-almendra-sin-azucar-ecologica-provamel-1-l","status":"publish","type":"product","link":"https:\/\/iber.market\/en\/product\/leche-de-almendra-sin-azucar-ecologica-provamel-1-l\/","title":{"rendered":"Organic unsweetened almond milk PROVAMEL 1 l."},"content":{"rendered":"<p><strong>PROVAMEL Leche de almendra sin az\u00facar ecol\u00f3gica PROVAMEL 1 l.<\/strong> of the brand <strong>PROVAMEL<\/strong> is a product belonging to the category <em>Supermercado Ecol\u00f3gico &gt; Vegans &gt; Vegan drinks<\/em>, selected within the Spanish organic supermarket.<\/p>\n<p>This product is designed for people who follow a vegan, organic or plant-based diet, prioritizing quality ingredients, responsible processes and a more sustainable consumption.<\/p>\n<p>Ideal for European customers looking to buy organic and vegan products from Spain with international shipping, while maintaining the essence of the Spanish supermarket.<\/p>","protected":false},"excerpt":{"rendered":"<p>PROVAMEL Leche de almendra sin az\u00facar ecol\u00f3gica PROVAMEL 1 l. PROVAMEL. Producto ecol\u00f3gico y vegano seleccionado en supermercado espa\u00f1ol, ideal para una alimentaci\u00f3n consciente y saludable.<\/p>","protected":false},"featured_media":188078,"template":"","meta":[],"product_brand":[],"product_cat":[353],"product_tag":[],"class_list":{"0":"post-188077","1":"product","2":"type-product","3":"status-publish","4":"has-post-thumbnail","6":"product_cat-bebidas-ecologicas","8":"first","9":"instock","10":"taxable","11":"shipping-taxable","12":"purchasable","13":"product-type-simple"},"jetpack_sharing_enabled":true,"_links":{"self":[{"href":"https:\/\/iber.market\/en\/wp-json\/wp\/v2\/product\/188077","targetHints":{"allow":["GET"]}}],"collection":[{"href":"https:\/\/iber.market\/en\/wp-json\/wp\/v2\/product"}],"about":[{"href":"https:\/\/iber.market\/en\/wp-json\/wp\/v2\/types\/product"}],"wp:featuredmedia":[{"embeddable":true,"href":"https:\/\/iber.market\/en\/wp-json\/wp\/v2\/media\/188078"}],"wp:attachment":[{"href":"https:\/\/iber.market\/en\/wp-json\/wp\/v2\/media?parent=188077"}],"wp:term":[{"taxonomy":"product_brand","embeddable":true,"href":"https:\/\/iber.market\/en\/wp-json\/wp\/v2\/product_brand?post=188077"},{"taxonomy":"product_cat","embeddable":true,"href":"https:\/\/iber.market\/en\/wp-json\/wp\/v2\/product_cat?post=188077"},{"taxonomy":"product_tag","embeddable":true,"href":"https:\/\/iber.market\/en\/wp-json\/wp\/v2\/product_tag?post=188077"}],"curies":[{"name":"wp","href":"https:\/\/api.w.org\/{rel}","templated":true}]}}