{"id":188026,"date":"2026-01-10T16:18:30","date_gmt":"2026-01-10T16:18:30","guid":{"rendered":"https:\/\/iber.market\/producto\/pasta-espirales-ecologica-pasta-compuesta-integral-de-calidad-superior-ecolecera-500-g\/"},"modified":"2026-01-10T16:18:30","modified_gmt":"2026-01-10T16:18:30","slug":"pasta-espirales-ecologica-pasta-compuesta-integral-de-calidad-superior-ecolecera-500-g","status":"publish","type":"product","link":"https:\/\/iber.market\/en\/product\/pasta-espirales-ecologica-pasta-compuesta-integral-de-calidad-superior-ecolecera-500-g\/","title":{"rendered":"Ecological spiral pasta, high quality whole wheat pasta ECOLECERA 500 g."},"content":{"rendered":"<p><strong>ECOLOCERA Pasta espirales ecol\u00f3gica, pasta compuesta integral de calidad superior ECOLECERA 500 g.<\/strong> of the brand <strong>ECOLOCERA<\/strong> is a product belonging to the category <em>Supermercado Ecol\u00f3gico &gt; Your Organic Pantry<\/em>, selected within the Spanish organic supermarket.<\/p>\n<p>This product is designed for people who follow a vegan, organic or plant-based diet, prioritizing quality ingredients, responsible processes and a more sustainable consumption.<\/p>\n<p>Ideal for European customers looking to buy organic and vegan products from Spain with international shipping, while maintaining the essence of the Spanish supermarket.<\/p>","protected":false},"excerpt":{"rendered":"<p>ECOLOCERA Pasta espirales ecol\u00f3gica, pasta compuesta integral de calidad superior ECOLECERA 500 g. ECOLOCERA. Producto ecol\u00f3gico y vegano seleccionado en supermercado espa\u00f1ol, ideal para una alimentaci\u00f3n consciente y saludable.<\/p>","protected":false},"featured_media":188027,"template":"","meta":[],"product_brand":[],"product_cat":[352],"product_tag":[],"class_list":{"0":"post-188026","1":"product","2":"type-product","3":"status-publish","4":"has-post-thumbnail","6":"product_cat-tu-despensa-ecologica","8":"first","9":"instock","10":"taxable","11":"shipping-taxable","12":"purchasable","13":"product-type-simple"},"jetpack_sharing_enabled":true,"_links":{"self":[{"href":"https:\/\/iber.market\/en\/wp-json\/wp\/v2\/product\/188026","targetHints":{"allow":["GET"]}}],"collection":[{"href":"https:\/\/iber.market\/en\/wp-json\/wp\/v2\/product"}],"about":[{"href":"https:\/\/iber.market\/en\/wp-json\/wp\/v2\/types\/product"}],"wp:featuredmedia":[{"embeddable":true,"href":"https:\/\/iber.market\/en\/wp-json\/wp\/v2\/media\/188027"}],"wp:attachment":[{"href":"https:\/\/iber.market\/en\/wp-json\/wp\/v2\/media?parent=188026"}],"wp:term":[{"taxonomy":"product_brand","embeddable":true,"href":"https:\/\/iber.market\/en\/wp-json\/wp\/v2\/product_brand?post=188026"},{"taxonomy":"product_cat","embeddable":true,"href":"https:\/\/iber.market\/en\/wp-json\/wp\/v2\/product_cat?post=188026"},{"taxonomy":"product_tag","embeddable":true,"href":"https:\/\/iber.market\/en\/wp-json\/wp\/v2\/product_tag?post=188026"}],"curies":[{"name":"wp","href":"https:\/\/api.w.org\/{rel}","templated":true}]}}