{"id":187934,"date":"2026-01-10T16:18:07","date_gmt":"2026-01-10T16:18:07","guid":{"rendered":"https:\/\/iber.market\/producto\/detergente-lavavajillas-locion-con-aloe-vera-frosch-750ml\/"},"modified":"2026-01-10T16:18:08","modified_gmt":"2026-01-10T16:18:08","slug":"detergente-lavavajillas-locion-con-aloe-vera-frosch-750ml","status":"publish","type":"product","link":"https:\/\/iber.market\/en\/product\/detergente-lavavajillas-locion-con-aloe-vera-frosch-750ml\/","title":{"rendered":"Dishwashing detergent lotion with aloe vera FROSCH 750ml"},"content":{"rendered":"<p><strong>FROSCH Detergente lavavajillas loci\u00f3n con aloe vera FROSCH 750ml<\/strong> of the brand <strong>FROSCH<\/strong> is a product belonging to the category <em>Supermercado Ecol\u00f3gico > Droguer\u00eda Ecol\u00f3gica y sostenible<\/em>, selected within the Spanish organic supermarket.<\/p>\n<p>This product is designed for people who follow a vegan, organic or plant-based diet, prioritizing quality ingredients, responsible processes and a more sustainable consumption.<\/p>\n<p>Ideal for European customers looking to buy organic and vegan products from Spain with international shipping, while maintaining the essence of the Spanish supermarket.<\/p>","protected":false},"excerpt":{"rendered":"<p>FROSCH Detergente lavavajillas loci\u00f3n con aloe vera FROSCH 750ml FROSCH. Producto ecol\u00f3gico y vegano seleccionado en supermercado espa\u00f1ol, ideal para una alimentaci\u00f3n consciente y saludable.<\/p>","protected":false},"featured_media":187935,"template":"","meta":[],"product_brand":[],"product_cat":[355],"product_tag":[],"class_list":{"0":"post-187934","1":"product","2":"type-product","3":"status-publish","4":"has-post-thumbnail","6":"product_cat-drogueria-ecologica-y-sostenible","8":"first","9":"instock","10":"taxable","11":"shipping-taxable","12":"purchasable","13":"product-type-simple"},"jetpack_sharing_enabled":true,"_links":{"self":[{"href":"https:\/\/iber.market\/en\/wp-json\/wp\/v2\/product\/187934","targetHints":{"allow":["GET"]}}],"collection":[{"href":"https:\/\/iber.market\/en\/wp-json\/wp\/v2\/product"}],"about":[{"href":"https:\/\/iber.market\/en\/wp-json\/wp\/v2\/types\/product"}],"wp:featuredmedia":[{"embeddable":true,"href":"https:\/\/iber.market\/en\/wp-json\/wp\/v2\/media\/187935"}],"wp:attachment":[{"href":"https:\/\/iber.market\/en\/wp-json\/wp\/v2\/media?parent=187934"}],"wp:term":[{"taxonomy":"product_brand","embeddable":true,"href":"https:\/\/iber.market\/en\/wp-json\/wp\/v2\/product_brand?post=187934"},{"taxonomy":"product_cat","embeddable":true,"href":"https:\/\/iber.market\/en\/wp-json\/wp\/v2\/product_cat?post=187934"},{"taxonomy":"product_tag","embeddable":true,"href":"https:\/\/iber.market\/en\/wp-json\/wp\/v2\/product_tag?post=187934"}],"curies":[{"name":"wp","href":"https:\/\/api.w.org\/{rel}","templated":true}]}}