{"id":187893,"date":"2026-01-10T16:17:58","date_gmt":"2026-01-10T16:17:58","guid":{"rendered":"https:\/\/iber.market\/producto\/bio-crema-facial-iluminadora-e-hidratante-con-extracto-de-naranja-ecologica-y-vitamina-c-50-ml\/"},"modified":"2026-01-10T16:17:59","modified_gmt":"2026-01-10T16:17:59","slug":"bio-crema-facial-iluminadora-e-hidratante-con-extracto-de-naranja-ecologica-y-vitamina-c-50-ml","status":"publish","type":"product","link":"https:\/\/iber.market\/en\/product\/bio-crema-facial-iluminadora-e-hidratante-con-extracto-de-naranja-ecologica-y-vitamina-c-50-ml\/","title":{"rendered":"Bio Crema facial iluminadora e hidratante con extracto de naranja ecol\u00f3gica y vitamina C 50 ml."},"content":{"rendered":"<p><strong>COSMIA Bio Crema facial iluminadora e hidratante con extracto de naranja ecol\u00f3gica y vitamina C 50 ml.<\/strong> of the brand <strong>COSMIA<\/strong> is a product belonging to the category <em>Supermercado Ecol\u00f3gico > Perfumer\u00eda Ecol\u00f3gica<\/em>, selected within the Spanish organic supermarket.<\/p>\n<p>This product is designed for people who follow a vegan, organic or plant-based diet, prioritizing quality ingredients, responsible processes and a more sustainable consumption.<\/p>\n<p>Ideal for European customers looking to buy organic and vegan products from Spain with international shipping, while maintaining the essence of the Spanish supermarket.<\/p>","protected":false},"excerpt":{"rendered":"<p>COSMIA Bio Crema facial iluminadora e hidratante con extracto de naranja ecol\u00f3gica y vitamina C 50 ml. COSMIA. Producto ecol\u00f3gico y vegano seleccionado en supermercado espa\u00f1ol, ideal para una alimentaci\u00f3n consciente y saludable.<\/p>","protected":false},"featured_media":187894,"template":"","meta":[],"product_brand":[],"product_cat":[358],"product_tag":[],"class_list":{"0":"post-187893","1":"product","2":"type-product","3":"status-publish","4":"has-post-thumbnail","6":"product_cat-perfumeria-ecologica","8":"first","9":"instock","10":"taxable","11":"shipping-taxable","12":"purchasable","13":"product-type-simple"},"jetpack_sharing_enabled":true,"_links":{"self":[{"href":"https:\/\/iber.market\/en\/wp-json\/wp\/v2\/product\/187893","targetHints":{"allow":["GET"]}}],"collection":[{"href":"https:\/\/iber.market\/en\/wp-json\/wp\/v2\/product"}],"about":[{"href":"https:\/\/iber.market\/en\/wp-json\/wp\/v2\/types\/product"}],"wp:featuredmedia":[{"embeddable":true,"href":"https:\/\/iber.market\/en\/wp-json\/wp\/v2\/media\/187894"}],"wp:attachment":[{"href":"https:\/\/iber.market\/en\/wp-json\/wp\/v2\/media?parent=187893"}],"wp:term":[{"taxonomy":"product_brand","embeddable":true,"href":"https:\/\/iber.market\/en\/wp-json\/wp\/v2\/product_brand?post=187893"},{"taxonomy":"product_cat","embeddable":true,"href":"https:\/\/iber.market\/en\/wp-json\/wp\/v2\/product_cat?post=187893"},{"taxonomy":"product_tag","embeddable":true,"href":"https:\/\/iber.market\/en\/wp-json\/wp\/v2\/product_tag?post=187893"}],"curies":[{"name":"wp","href":"https:\/\/api.w.org\/{rel}","templated":true}]}}