{"id":187884,"date":"2026-01-10T16:17:54","date_gmt":"2026-01-10T16:17:54","guid":{"rendered":"https:\/\/iber.market\/producto\/bebida-vegetal-de-arroz-y-coco-ecologicos-sin-azucares-anadidos-1-l\/"},"modified":"2026-01-10T16:17:54","modified_gmt":"2026-01-10T16:17:54","slug":"bebida-vegetal-de-arroz-y-coco-ecologicos-sin-azucares-anadidos-1-l","status":"publish","type":"product","link":"https:\/\/iber.market\/en\/product\/bebida-vegetal-de-arroz-y-coco-ecologicos-sin-azucares-anadidos-1-l\/","title":{"rendered":"Bebida vegetal de arroz y coco ecol\u00f3gicos, sin az\u00facares a\u00f1adidos 1 l."},"content":{"rendered":"<p><strong>ECOCESTA Bebida vegetal de arroz y coco ecol\u00f3gicos, sin az\u00facares a\u00f1adidos 1 l.<\/strong> of the brand <strong>ECOCESTA<\/strong> is a product belonging to the category <em>Supermercado Ecol\u00f3gico &gt; Organic Beverages<\/em>, selected within the Spanish organic supermarket.<\/p>\n<p>This product is designed for people who follow a vegan, organic or plant-based diet, prioritizing quality ingredients, responsible processes and a more sustainable consumption.<\/p>\n<p>Ideal for European customers looking to buy organic and vegan products from Spain with international shipping, while maintaining the essence of the Spanish supermarket.<\/p>","protected":false},"excerpt":{"rendered":"<p>ECOCESTA Bebida vegetal de arroz y coco ecol\u00f3gicos, sin az\u00facares a\u00f1adidos 1 l. ECOCESTA. Producto ecol\u00f3gico y vegano seleccionado en supermercado espa\u00f1ol, ideal para una alimentaci\u00f3n consciente y saludable.<\/p>","protected":false},"featured_media":187885,"template":"","meta":[],"product_brand":[],"product_cat":[353],"product_tag":[],"class_list":{"0":"post-187884","1":"product","2":"type-product","3":"status-publish","4":"has-post-thumbnail","6":"product_cat-bebidas-ecologicas","8":"first","9":"instock","10":"taxable","11":"shipping-taxable","12":"purchasable","13":"product-type-simple"},"jetpack_sharing_enabled":true,"_links":{"self":[{"href":"https:\/\/iber.market\/en\/wp-json\/wp\/v2\/product\/187884","targetHints":{"allow":["GET"]}}],"collection":[{"href":"https:\/\/iber.market\/en\/wp-json\/wp\/v2\/product"}],"about":[{"href":"https:\/\/iber.market\/en\/wp-json\/wp\/v2\/types\/product"}],"wp:featuredmedia":[{"embeddable":true,"href":"https:\/\/iber.market\/en\/wp-json\/wp\/v2\/media\/187885"}],"wp:attachment":[{"href":"https:\/\/iber.market\/en\/wp-json\/wp\/v2\/media?parent=187884"}],"wp:term":[{"taxonomy":"product_brand","embeddable":true,"href":"https:\/\/iber.market\/en\/wp-json\/wp\/v2\/product_brand?post=187884"},{"taxonomy":"product_cat","embeddable":true,"href":"https:\/\/iber.market\/en\/wp-json\/wp\/v2\/product_cat?post=187884"},{"taxonomy":"product_tag","embeddable":true,"href":"https:\/\/iber.market\/en\/wp-json\/wp\/v2\/product_tag?post=187884"}],"curies":[{"name":"wp","href":"https:\/\/api.w.org\/{rel}","templated":true}]}}