{"id":187854,"date":"2026-01-10T16:17:50","date_gmt":"2026-01-10T16:17:50","guid":{"rendered":"https:\/\/iber.market\/producto\/el-remedio-de-la-abuela-infusion-ecologica-a-base-de-tomillo-eucalipto-menta-y-malva-12-uds\/"},"modified":"2026-01-10T16:17:50","modified_gmt":"2026-01-10T16:17:50","slug":"el-remedio-de-la-abuela-infusion-ecologica-a-base-de-tomillo-eucalipto-menta-y-malva-12-uds","status":"publish","type":"product","link":"https:\/\/iber.market\/en\/product\/el-remedio-de-la-abuela-infusion-ecologica-a-base-de-tomillo-eucalipto-menta-y-malva-12-uds\/","title":{"rendered":"El remedio de la abuela Infusi\u00f3n ecol\u00f3gica a base de tomillo, eucalipto, menta y malva 12 uds."},"content":{"rendered":"<p><strong>ORBALLO El remedio de la abuela Infusi\u00f3n ecol\u00f3gica a base de tomillo, eucalipto, menta y malva 12 uds.<\/strong> of the brand <strong>ORBALLO<\/strong> is a product belonging to the category <em>Organic Supermarket &gt; Organic Breakfasts<\/em>, selected within the Spanish organic supermarket.<\/p>\n<p>This product is designed for people who follow a vegan, organic or plant-based diet, prioritizing quality ingredients, responsible processes and a more sustainable consumption.<\/p>\n<p>Ideal for European customers looking to buy organic and vegan products from Spain with international shipping, while maintaining the essence of the Spanish supermarket.<\/p>","protected":false},"excerpt":{"rendered":"<p>ORBALLO El remedio de la abuela Infusi\u00f3n ecol\u00f3gica a base de tomillo, eucalipto, menta y malva 12 uds. ORBALLO. Producto ecol\u00f3gico y vegano seleccionado en supermercado espa\u00f1ol, ideal para una alimentaci\u00f3n consciente y saludable.<\/p>","protected":false},"featured_media":187855,"template":"","meta":[],"product_brand":[],"product_cat":[354],"product_tag":[],"class_list":{"0":"post-187854","1":"product","2":"type-product","3":"status-publish","4":"has-post-thumbnail","6":"product_cat-desayunos-ecologicos","8":"first","9":"instock","10":"taxable","11":"shipping-taxable","12":"purchasable","13":"product-type-simple"},"jetpack_sharing_enabled":true,"_links":{"self":[{"href":"https:\/\/iber.market\/en\/wp-json\/wp\/v2\/product\/187854","targetHints":{"allow":["GET"]}}],"collection":[{"href":"https:\/\/iber.market\/en\/wp-json\/wp\/v2\/product"}],"about":[{"href":"https:\/\/iber.market\/en\/wp-json\/wp\/v2\/types\/product"}],"wp:featuredmedia":[{"embeddable":true,"href":"https:\/\/iber.market\/en\/wp-json\/wp\/v2\/media\/187855"}],"wp:attachment":[{"href":"https:\/\/iber.market\/en\/wp-json\/wp\/v2\/media?parent=187854"}],"wp:term":[{"taxonomy":"product_brand","embeddable":true,"href":"https:\/\/iber.market\/en\/wp-json\/wp\/v2\/product_brand?post=187854"},{"taxonomy":"product_cat","embeddable":true,"href":"https:\/\/iber.market\/en\/wp-json\/wp\/v2\/product_cat?post=187854"},{"taxonomy":"product_tag","embeddable":true,"href":"https:\/\/iber.market\/en\/wp-json\/wp\/v2\/product_tag?post=187854"}],"curies":[{"name":"wp","href":"https:\/\/api.w.org\/{rel}","templated":true}]}}