{"id":187819,"date":"2026-01-10T16:17:44","date_gmt":"2026-01-10T16:17:44","guid":{"rendered":"https:\/\/iber.market\/producto\/pasta-espaguetis-ecologicos-pasta-de-semola-de-trigo-duro-de-calidad-superior-ecolecera-500-g\/"},"modified":"2026-01-10T16:17:44","modified_gmt":"2026-01-10T16:17:44","slug":"pasta-espaguetis-ecologicos-pasta-de-semola-de-trigo-duro-de-calidad-superior-ecolecera-500-g","status":"publish","type":"product","link":"https:\/\/iber.market\/en\/product\/pasta-espaguetis-ecologicos-pasta-de-semola-de-trigo-duro-de-calidad-superior-ecolecera-500-g\/","title":{"rendered":"Organic spaghetti pasta, premium quality durum wheat semolina pasta ECOLECERA 500 g."},"content":{"rendered":"<p><strong>ECOLECERA Pasta Espaguetis ecol\u00f3gicos, pasta de s\u00e9mola de trigo duro de calidad superior ECOLECERA 500 g.<\/strong> of the brand <strong>ECOLECERA<\/strong> is a product belonging to the category <em>Supermercado Ecol\u00f3gico &gt; Your Organic Pantry<\/em>, selected within the Spanish organic supermarket.<\/p>\n<p>This product is designed for people who follow a vegan, organic or plant-based diet, prioritizing quality ingredients, responsible processes and a more sustainable consumption.<\/p>\n<p>Ideal for European customers looking to buy organic and vegan products from Spain with international shipping, while maintaining the essence of the Spanish supermarket.<\/p>","protected":false},"excerpt":{"rendered":"<p>ECOLECERA Pasta Espaguetis ecol\u00f3gicos, pasta de s\u00e9mola de trigo duro de calidad superior ECOLECERA 500 g. ECOLECERA. Producto ecol\u00f3gico y vegano seleccionado en supermercado espa\u00f1ol, ideal para una alimentaci\u00f3n consciente y saludable.<\/p>","protected":false},"featured_media":187820,"template":"","meta":[],"product_brand":[],"product_cat":[352],"product_tag":[],"class_list":{"0":"post-187819","1":"product","2":"type-product","3":"status-publish","4":"has-post-thumbnail","6":"product_cat-tu-despensa-ecologica","8":"first","9":"instock","10":"taxable","11":"shipping-taxable","12":"purchasable","13":"product-type-simple"},"jetpack_sharing_enabled":true,"_links":{"self":[{"href":"https:\/\/iber.market\/en\/wp-json\/wp\/v2\/product\/187819","targetHints":{"allow":["GET"]}}],"collection":[{"href":"https:\/\/iber.market\/en\/wp-json\/wp\/v2\/product"}],"about":[{"href":"https:\/\/iber.market\/en\/wp-json\/wp\/v2\/types\/product"}],"wp:featuredmedia":[{"embeddable":true,"href":"https:\/\/iber.market\/en\/wp-json\/wp\/v2\/media\/187820"}],"wp:attachment":[{"href":"https:\/\/iber.market\/en\/wp-json\/wp\/v2\/media?parent=187819"}],"wp:term":[{"taxonomy":"product_brand","embeddable":true,"href":"https:\/\/iber.market\/en\/wp-json\/wp\/v2\/product_brand?post=187819"},{"taxonomy":"product_cat","embeddable":true,"href":"https:\/\/iber.market\/en\/wp-json\/wp\/v2\/product_cat?post=187819"},{"taxonomy":"product_tag","embeddable":true,"href":"https:\/\/iber.market\/en\/wp-json\/wp\/v2\/product_tag?post=187819"}],"curies":[{"name":"wp","href":"https:\/\/api.w.org\/{rel}","templated":true}]}}