{"id":187805,"date":"2026-01-10T16:17:42","date_gmt":"2026-01-10T16:17:42","guid":{"rendered":"https:\/\/iber.market\/producto\/bio-kids-cereales-crujientes-infantiles-de-espelta-con-chocolate-ecologicos-125-g\/"},"modified":"2026-01-10T16:17:42","modified_gmt":"2026-01-10T16:17:42","slug":"bio-kids-cereales-crujientes-infantiles-de-espelta-con-chocolate-ecologicos-125-g","status":"publish","type":"product","link":"https:\/\/iber.market\/en\/product\/bio-kids-cereales-crujientes-infantiles-de-espelta-con-chocolate-ecologicos-125-g\/","title":{"rendered":"Bio kids Cereales (crujientes) infantiles de espelta con chocolate ecol\u00f3gicos 125 g."},"content":{"rendered":"<p><strong>ORIGENS Bio kids Cereales (crujientes) infantiles de espelta con chocolate ecol\u00f3gicos 125 g.<\/strong> of the brand <strong>ORIGENS<\/strong> is a product belonging to the category <em>Organic Supermarket &gt; Organic Breakfasts<\/em>, selected within the Spanish organic supermarket.<\/p>\n<p>This product is designed for people who follow a vegan, organic or plant-based diet, prioritizing quality ingredients, responsible processes and a more sustainable consumption.<\/p>\n<p>Ideal for European customers looking to buy organic and vegan products from Spain with international shipping, while maintaining the essence of the Spanish supermarket.<\/p>","protected":false},"excerpt":{"rendered":"<p>ORIGENS Bio kids Cereales (crujientes) infantiles de espelta con chocolate ecol\u00f3gicos 125 g. ORIGENS. Producto ecol\u00f3gico y vegano seleccionado en supermercado espa\u00f1ol, ideal para una alimentaci\u00f3n consciente y saludable.<\/p>","protected":false},"featured_media":187806,"template":"","meta":[],"product_brand":[],"product_cat":[354],"product_tag":[],"class_list":{"0":"post-187805","1":"product","2":"type-product","3":"status-publish","4":"has-post-thumbnail","6":"product_cat-desayunos-ecologicos","8":"first","9":"instock","10":"taxable","11":"shipping-taxable","12":"purchasable","13":"product-type-simple"},"jetpack_sharing_enabled":true,"_links":{"self":[{"href":"https:\/\/iber.market\/en\/wp-json\/wp\/v2\/product\/187805","targetHints":{"allow":["GET"]}}],"collection":[{"href":"https:\/\/iber.market\/en\/wp-json\/wp\/v2\/product"}],"about":[{"href":"https:\/\/iber.market\/en\/wp-json\/wp\/v2\/types\/product"}],"wp:featuredmedia":[{"embeddable":true,"href":"https:\/\/iber.market\/en\/wp-json\/wp\/v2\/media\/187806"}],"wp:attachment":[{"href":"https:\/\/iber.market\/en\/wp-json\/wp\/v2\/media?parent=187805"}],"wp:term":[{"taxonomy":"product_brand","embeddable":true,"href":"https:\/\/iber.market\/en\/wp-json\/wp\/v2\/product_brand?post=187805"},{"taxonomy":"product_cat","embeddable":true,"href":"https:\/\/iber.market\/en\/wp-json\/wp\/v2\/product_cat?post=187805"},{"taxonomy":"product_tag","embeddable":true,"href":"https:\/\/iber.market\/en\/wp-json\/wp\/v2\/product_tag?post=187805"}],"curies":[{"name":"wp","href":"https:\/\/api.w.org\/{rel}","templated":true}]}}