{"id":187751,"date":"2026-01-10T16:17:32","date_gmt":"2026-01-10T16:17:32","guid":{"rendered":"https:\/\/iber.market\/producto\/limpiador-especial-biberones-y-tetinas-frosch-baby-500-ml\/"},"modified":"2026-01-10T16:17:32","modified_gmt":"2026-01-10T16:17:32","slug":"limpiador-especial-biberones-y-tetinas-frosch-baby-500-ml","status":"publish","type":"product","link":"https:\/\/iber.market\/en\/product\/limpiador-especial-biberones-y-tetinas-frosch-baby-500-ml\/","title":{"rendered":"Limpiador especial biberones y tetinas FROSCH BABY 500 ml."},"content":{"rendered":"<p><strong>FROSCH Limpiador especial biberones y tetinas FROSCH BABY 500 ml.<\/strong> of the brand <strong>FROSCH<\/strong> is a product belonging to the category <em>Supermercado Ecol\u00f3gico > Droguer\u00eda Ecol\u00f3gica y sostenible<\/em>, selected within the Spanish organic supermarket.<\/p>\n<p>This product is designed for people who follow a vegan, organic or plant-based diet, prioritizing quality ingredients, responsible processes and a more sustainable consumption.<\/p>\n<p>Ideal for European customers looking to buy organic and vegan products from Spain with international shipping, while maintaining the essence of the Spanish supermarket.<\/p>","protected":false},"excerpt":{"rendered":"<p>FROSCH Limpiador especial biberones y tetinas FROSCH BABY 500 ml. FROSCH. Producto ecol\u00f3gico y vegano seleccionado en supermercado espa\u00f1ol, ideal para una alimentaci\u00f3n consciente y saludable.<\/p>","protected":false},"featured_media":187752,"template":"","meta":[],"product_brand":[],"product_cat":[355],"product_tag":[],"class_list":{"0":"post-187751","1":"product","2":"type-product","3":"status-publish","4":"has-post-thumbnail","6":"product_cat-drogueria-ecologica-y-sostenible","8":"first","9":"instock","10":"taxable","11":"shipping-taxable","12":"purchasable","13":"product-type-simple"},"jetpack_sharing_enabled":true,"_links":{"self":[{"href":"https:\/\/iber.market\/en\/wp-json\/wp\/v2\/product\/187751","targetHints":{"allow":["GET"]}}],"collection":[{"href":"https:\/\/iber.market\/en\/wp-json\/wp\/v2\/product"}],"about":[{"href":"https:\/\/iber.market\/en\/wp-json\/wp\/v2\/types\/product"}],"wp:featuredmedia":[{"embeddable":true,"href":"https:\/\/iber.market\/en\/wp-json\/wp\/v2\/media\/187752"}],"wp:attachment":[{"href":"https:\/\/iber.market\/en\/wp-json\/wp\/v2\/media?parent=187751"}],"wp:term":[{"taxonomy":"product_brand","embeddable":true,"href":"https:\/\/iber.market\/en\/wp-json\/wp\/v2\/product_brand?post=187751"},{"taxonomy":"product_cat","embeddable":true,"href":"https:\/\/iber.market\/en\/wp-json\/wp\/v2\/product_cat?post=187751"},{"taxonomy":"product_tag","embeddable":true,"href":"https:\/\/iber.market\/en\/wp-json\/wp\/v2\/product_tag?post=187751"}],"curies":[{"name":"wp","href":"https:\/\/api.w.org\/{rel}","templated":true}]}}