{"id":187731,"date":"2026-01-10T16:17:29","date_gmt":"2026-01-10T16:17:29","guid":{"rendered":"https:\/\/iber.market\/producto\/atun-claro-en-aceite-de-oliva-ecologico-150-g\/"},"modified":"2026-01-10T16:17:29","modified_gmt":"2026-01-10T16:17:29","slug":"atun-claro-en-aceite-de-oliva-ecologico-150-g","status":"publish","type":"product","link":"https:\/\/iber.market\/en\/product\/atun-claro-en-aceite-de-oliva-ecologico-150-g\/","title":{"rendered":"Light tuna in organic olive oil 150 g."},"content":{"rendered":"<p><strong>ORTIZ At\u00fan claro en aceite de oliva ecol\u00f3gico 150 g.<\/strong> of the brand <strong>ORTIZ<\/strong> is a product belonging to the category <em>Supermercado Ecol\u00f3gico &gt; Your Organic Pantry<\/em>, selected within the Spanish organic supermarket.<\/p>\n<p>This product is designed for people who follow a vegan, organic or plant-based diet, prioritizing quality ingredients, responsible processes and a more sustainable consumption.<\/p>\n<p>Ideal for European customers looking to buy organic and vegan products from Spain with international shipping, while maintaining the essence of the Spanish supermarket.<\/p>","protected":false},"excerpt":{"rendered":"<p>ORTIZ At\u00fan claro en aceite de oliva ecol\u00f3gico 150 g. ORTIZ. Producto ecol\u00f3gico y vegano seleccionado en supermercado espa\u00f1ol, ideal para una alimentaci\u00f3n consciente y saludable.<\/p>","protected":false},"featured_media":187732,"template":"","meta":[],"product_brand":[],"product_cat":[352],"product_tag":[],"class_list":{"0":"post-187731","1":"product","2":"type-product","3":"status-publish","4":"has-post-thumbnail","6":"product_cat-tu-despensa-ecologica","8":"first","9":"instock","10":"taxable","11":"shipping-taxable","12":"purchasable","13":"product-type-simple"},"jetpack_sharing_enabled":true,"_links":{"self":[{"href":"https:\/\/iber.market\/en\/wp-json\/wp\/v2\/product\/187731","targetHints":{"allow":["GET"]}}],"collection":[{"href":"https:\/\/iber.market\/en\/wp-json\/wp\/v2\/product"}],"about":[{"href":"https:\/\/iber.market\/en\/wp-json\/wp\/v2\/types\/product"}],"wp:featuredmedia":[{"embeddable":true,"href":"https:\/\/iber.market\/en\/wp-json\/wp\/v2\/media\/187732"}],"wp:attachment":[{"href":"https:\/\/iber.market\/en\/wp-json\/wp\/v2\/media?parent=187731"}],"wp:term":[{"taxonomy":"product_brand","embeddable":true,"href":"https:\/\/iber.market\/en\/wp-json\/wp\/v2\/product_brand?post=187731"},{"taxonomy":"product_cat","embeddable":true,"href":"https:\/\/iber.market\/en\/wp-json\/wp\/v2\/product_cat?post=187731"},{"taxonomy":"product_tag","embeddable":true,"href":"https:\/\/iber.market\/en\/wp-json\/wp\/v2\/product_tag?post=187731"}],"curies":[{"name":"wp","href":"https:\/\/api.w.org\/{rel}","templated":true}]}}