{"id":187724,"date":"2026-01-10T16:17:26","date_gmt":"2026-01-10T16:17:26","guid":{"rendered":"https:\/\/iber.market\/producto\/papel-de-cocina-gigante-100-reciclado-216-x-23-cm-1-und\/"},"modified":"2026-01-10T16:17:27","modified_gmt":"2026-01-10T16:17:27","slug":"papel-de-cocina-gigante-100-reciclado-216-x-23-cm-1-und","status":"publish","type":"product","link":"https:\/\/iber.market\/en\/product\/papel-de-cocina-gigante-100-reciclado-216-x-23-cm-1-und\/","title":{"rendered":"Giant kitchen towel 100 % recycled, 21,6 x 23 cm 1 und."},"content":{"rendered":"<p><strong>RENOVA Papel de cocina gigante 100 % reciclado, 21,6 x 23 cm 1 und.<\/strong> of the brand <strong>RENOVA<\/strong> is a product belonging to the category <em>Supermercado Ecol\u00f3gico > Droguer\u00eda Ecol\u00f3gica y sostenible<\/em>, selected within the Spanish organic supermarket.<\/p>\n<p>This product is designed for people who follow a vegan, organic or plant-based diet, prioritizing quality ingredients, responsible processes and a more sustainable consumption.<\/p>\n<p>Ideal for European customers looking to buy organic and vegan products from Spain with international shipping, while maintaining the essence of the Spanish supermarket.<\/p>","protected":false},"excerpt":{"rendered":"<p>RENOVA Papel de cocina gigante 100 % reciclado, 21,6 x 23 cm 1 und. RENOVA. Producto ecol\u00f3gico y vegano seleccionado en supermercado espa\u00f1ol, ideal para una alimentaci\u00f3n consciente y saludable.<\/p>","protected":false},"featured_media":187725,"template":"","meta":[],"product_brand":[],"product_cat":[355],"product_tag":[],"class_list":{"0":"post-187724","1":"product","2":"type-product","3":"status-publish","4":"has-post-thumbnail","6":"product_cat-drogueria-ecologica-y-sostenible","8":"first","9":"instock","10":"taxable","11":"shipping-taxable","12":"purchasable","13":"product-type-simple"},"jetpack_sharing_enabled":true,"_links":{"self":[{"href":"https:\/\/iber.market\/en\/wp-json\/wp\/v2\/product\/187724","targetHints":{"allow":["GET"]}}],"collection":[{"href":"https:\/\/iber.market\/en\/wp-json\/wp\/v2\/product"}],"about":[{"href":"https:\/\/iber.market\/en\/wp-json\/wp\/v2\/types\/product"}],"wp:featuredmedia":[{"embeddable":true,"href":"https:\/\/iber.market\/en\/wp-json\/wp\/v2\/media\/187725"}],"wp:attachment":[{"href":"https:\/\/iber.market\/en\/wp-json\/wp\/v2\/media?parent=187724"}],"wp:term":[{"taxonomy":"product_brand","embeddable":true,"href":"https:\/\/iber.market\/en\/wp-json\/wp\/v2\/product_brand?post=187724"},{"taxonomy":"product_cat","embeddable":true,"href":"https:\/\/iber.market\/en\/wp-json\/wp\/v2\/product_cat?post=187724"},{"taxonomy":"product_tag","embeddable":true,"href":"https:\/\/iber.market\/en\/wp-json\/wp\/v2\/product_tag?post=187724"}],"curies":[{"name":"wp","href":"https:\/\/api.w.org\/{rel}","templated":true}]}}