{"id":187669,"date":"2026-01-10T16:17:16","date_gmt":"2026-01-10T16:17:16","guid":{"rendered":"https:\/\/iber.market\/producto\/detergente-lavavajillas-a-mano-hipoalergenico-y-ecologico-ideal-para-biberones-y-tetinas-froggy-750-ml\/"},"modified":"2026-01-10T16:17:17","modified_gmt":"2026-01-10T16:17:17","slug":"detergente-lavavajillas-a-mano-hipoalergenico-y-ecologico-ideal-para-biberones-y-tetinas-froggy-750-ml","status":"publish","type":"product","link":"https:\/\/iber.market\/en\/product\/detergente-lavavajillas-a-mano-hipoalergenico-y-ecologico-ideal-para-biberones-y-tetinas-froggy-750-ml\/","title":{"rendered":"Detergente lavavajillas a mano hipoalerg\u00e9nico y ecol\u00f3gico (ideal para biberones y tetinas) FROGGY 750 ml."},"content":{"rendered":"<p><strong>FROGGY Detergente lavavajillas a mano hipoalerg\u00e9nico y ecol\u00f3gico (ideal para biberones y tetinas) FROGGY 750 ml.<\/strong> of the brand <strong>FROGGY<\/strong> is a product belonging to the category <em>Supermercado Ecol\u00f3gico > Droguer\u00eda Ecol\u00f3gica y sostenible<\/em>, selected within the Spanish organic supermarket.<\/p>\n<p>This product is designed for people who follow a vegan, organic or plant-based diet, prioritizing quality ingredients, responsible processes and a more sustainable consumption.<\/p>\n<p>Ideal for European customers looking to buy organic and vegan products from Spain with international shipping, while maintaining the essence of the Spanish supermarket.<\/p>","protected":false},"excerpt":{"rendered":"<p>FROGGY Detergente lavavajillas a mano hipoalerg\u00e9nico y ecol\u00f3gico (ideal para biberones y tetinas) FROGGY 750 ml. FROGGY. Producto ecol\u00f3gico y vegano seleccionado en supermercado espa\u00f1ol, ideal para una alimentaci\u00f3n consciente y saludable.<\/p>","protected":false},"featured_media":187670,"template":"","meta":[],"product_brand":[],"product_cat":[355],"product_tag":[],"class_list":{"0":"post-187669","1":"product","2":"type-product","3":"status-publish","4":"has-post-thumbnail","6":"product_cat-drogueria-ecologica-y-sostenible","8":"first","9":"instock","10":"taxable","11":"shipping-taxable","12":"purchasable","13":"product-type-simple"},"jetpack_sharing_enabled":true,"_links":{"self":[{"href":"https:\/\/iber.market\/en\/wp-json\/wp\/v2\/product\/187669","targetHints":{"allow":["GET"]}}],"collection":[{"href":"https:\/\/iber.market\/en\/wp-json\/wp\/v2\/product"}],"about":[{"href":"https:\/\/iber.market\/en\/wp-json\/wp\/v2\/types\/product"}],"wp:featuredmedia":[{"embeddable":true,"href":"https:\/\/iber.market\/en\/wp-json\/wp\/v2\/media\/187670"}],"wp:attachment":[{"href":"https:\/\/iber.market\/en\/wp-json\/wp\/v2\/media?parent=187669"}],"wp:term":[{"taxonomy":"product_brand","embeddable":true,"href":"https:\/\/iber.market\/en\/wp-json\/wp\/v2\/product_brand?post=187669"},{"taxonomy":"product_cat","embeddable":true,"href":"https:\/\/iber.market\/en\/wp-json\/wp\/v2\/product_cat?post=187669"},{"taxonomy":"product_tag","embeddable":true,"href":"https:\/\/iber.market\/en\/wp-json\/wp\/v2\/product_tag?post=187669"}],"curies":[{"name":"wp","href":"https:\/\/api.w.org\/{rel}","templated":true}]}}