{"id":187658,"date":"2026-01-10T16:17:14","date_gmt":"2026-01-10T16:17:14","guid":{"rendered":"https:\/\/iber.market\/producto\/bios-turron-ecologico-de-pistacho-y-cacao-sin-azucares-anadidos-150-g\/"},"modified":"2026-01-10T16:17:15","modified_gmt":"2026-01-10T16:17:15","slug":"bios-turron-ecologico-de-pistacho-y-cacao-sin-azucares-anadidos-150-g","status":"publish","type":"product","link":"https:\/\/iber.market\/en\/product\/bios-turron-ecologico-de-pistacho-y-cacao-sin-azucares-anadidos-150-g\/","title":{"rendered":"Bio's Organic pistachio and cocoa nougat with no added sugars 150 g."},"content":{"rendered":"<p><strong>ARTIPA Bio\u00b4s Turr\u00f3n ecol\u00f3gico de pistacho y cacao sin az\u00facares a\u00f1adidos 150 g.<\/strong> of the brand <strong>ARTIPA<\/strong> is a product belonging to the category <em>Organic Supermarket &gt; Organic Breakfasts<\/em>, selected within the Spanish organic supermarket.<\/p>\n<p>This product is designed for people who follow a vegan, organic or plant-based diet, prioritizing quality ingredients, responsible processes and a more sustainable consumption.<\/p>\n<p>Ideal for European customers looking to buy organic and vegan products from Spain with international shipping, while maintaining the essence of the Spanish supermarket.<\/p>","protected":false},"excerpt":{"rendered":"<p>ARTIPA Bio\u00b4s Turr\u00f3n ecol\u00f3gico de pistacho y cacao sin az\u00facares a\u00f1adidos 150 g. ARTIPA. Producto ecol\u00f3gico y vegano seleccionado en supermercado espa\u00f1ol, ideal para una alimentaci\u00f3n consciente y saludable.<\/p>","protected":false},"featured_media":187659,"template":"","meta":[],"product_brand":[],"product_cat":[354],"product_tag":[],"class_list":{"0":"post-187658","1":"product","2":"type-product","3":"status-publish","4":"has-post-thumbnail","6":"product_cat-desayunos-ecologicos","8":"first","9":"instock","10":"taxable","11":"shipping-taxable","12":"purchasable","13":"product-type-simple"},"jetpack_sharing_enabled":true,"_links":{"self":[{"href":"https:\/\/iber.market\/en\/wp-json\/wp\/v2\/product\/187658","targetHints":{"allow":["GET"]}}],"collection":[{"href":"https:\/\/iber.market\/en\/wp-json\/wp\/v2\/product"}],"about":[{"href":"https:\/\/iber.market\/en\/wp-json\/wp\/v2\/types\/product"}],"wp:featuredmedia":[{"embeddable":true,"href":"https:\/\/iber.market\/en\/wp-json\/wp\/v2\/media\/187659"}],"wp:attachment":[{"href":"https:\/\/iber.market\/en\/wp-json\/wp\/v2\/media?parent=187658"}],"wp:term":[{"taxonomy":"product_brand","embeddable":true,"href":"https:\/\/iber.market\/en\/wp-json\/wp\/v2\/product_brand?post=187658"},{"taxonomy":"product_cat","embeddable":true,"href":"https:\/\/iber.market\/en\/wp-json\/wp\/v2\/product_cat?post=187658"},{"taxonomy":"product_tag","embeddable":true,"href":"https:\/\/iber.market\/en\/wp-json\/wp\/v2\/product_tag?post=187658"}],"curies":[{"name":"wp","href":"https:\/\/api.w.org\/{rel}","templated":true}]}}