{"id":187538,"date":"2026-01-10T16:16:51","date_gmt":"2026-01-10T16:16:51","guid":{"rendered":"https:\/\/iber.market\/producto\/bioi-tostadas-ligeras-de-arroz-integral-y-lino-85-g\/"},"modified":"2026-01-10T16:16:52","modified_gmt":"2026-01-10T16:16:52","slug":"bioi-tostadas-ligeras-de-arroz-integral-y-lino-85-g","status":"publish","type":"product","link":"https:\/\/iber.market\/en\/product\/bioi-tostadas-ligeras-de-arroz-integral-y-lino-85-g\/","title":{"rendered":"Bioi Light brown rice and flax toast 85 g."},"content":{"rendered":"<p><strong>SORIA NATURAL Bioi Tostadas ligeras de arroz integral y lino 85 g.<\/strong> of the brand <strong>SORIA NATURAL<\/strong> is a product belonging to the category <em>Organic Supermarket &gt; Organic Breakfasts<\/em>, selected within the Spanish organic supermarket.<\/p>\n<p>This product is designed for people who follow a vegan, organic or plant-based diet, prioritizing quality ingredients, responsible processes and a more sustainable consumption.<\/p>\n<p>Ideal for European customers looking to buy organic and vegan products from Spain with international shipping, while maintaining the essence of the Spanish supermarket.<\/p>","protected":false},"excerpt":{"rendered":"<p>SORIA NATURAL Bioi Tostadas ligeras de arroz integral y lino 85 g. SORIA NATURAL. Producto ecol\u00f3gico y vegano seleccionado en supermercado espa\u00f1ol, ideal para una alimentaci\u00f3n consciente y saludable.<\/p>","protected":false},"featured_media":187539,"template":"","meta":[],"product_brand":[],"product_cat":[354],"product_tag":[],"class_list":{"0":"post-187538","1":"product","2":"type-product","3":"status-publish","4":"has-post-thumbnail","6":"product_cat-desayunos-ecologicos","8":"first","9":"instock","10":"taxable","11":"shipping-taxable","12":"purchasable","13":"product-type-simple"},"jetpack_sharing_enabled":true,"_links":{"self":[{"href":"https:\/\/iber.market\/en\/wp-json\/wp\/v2\/product\/187538","targetHints":{"allow":["GET"]}}],"collection":[{"href":"https:\/\/iber.market\/en\/wp-json\/wp\/v2\/product"}],"about":[{"href":"https:\/\/iber.market\/en\/wp-json\/wp\/v2\/types\/product"}],"wp:featuredmedia":[{"embeddable":true,"href":"https:\/\/iber.market\/en\/wp-json\/wp\/v2\/media\/187539"}],"wp:attachment":[{"href":"https:\/\/iber.market\/en\/wp-json\/wp\/v2\/media?parent=187538"}],"wp:term":[{"taxonomy":"product_brand","embeddable":true,"href":"https:\/\/iber.market\/en\/wp-json\/wp\/v2\/product_brand?post=187538"},{"taxonomy":"product_cat","embeddable":true,"href":"https:\/\/iber.market\/en\/wp-json\/wp\/v2\/product_cat?post=187538"},{"taxonomy":"product_tag","embeddable":true,"href":"https:\/\/iber.market\/en\/wp-json\/wp\/v2\/product_tag?post=187538"}],"curies":[{"name":"wp","href":"https:\/\/api.w.org\/{rel}","templated":true}]}}