{"id":187503,"date":"2026-01-10T16:16:44","date_gmt":"2026-01-10T16:16:44","guid":{"rendered":"https:\/\/iber.market\/producto\/preparado-de-frutas-relajante-ecologico-beplus-150-g\/"},"modified":"2026-01-10T16:16:44","modified_gmt":"2026-01-10T16:16:44","slug":"preparado-de-frutas-relajante-ecologico-beplus-150-g","status":"publish","type":"product","link":"https:\/\/iber.market\/en\/product\/preparado-de-frutas-relajante-ecologico-beplus-150-g\/","title":{"rendered":"BEPLUS organic soothing fruit preparation 150 g."},"content":{"rendered":"<p><strong>BE PLUS Preparado de frutas, relajante ecol\u00f3gico BEPLUS 150 g.<\/strong> of the brand <strong>BE PLUS<\/strong> is a product belonging to the category <em>Supermercado Ecol\u00f3gico &gt; Organic Beverages<\/em>, selected within the Spanish organic supermarket.<\/p>\n<p>This product is designed for people who follow a vegan, organic or plant-based diet, prioritizing quality ingredients, responsible processes and a more sustainable consumption.<\/p>\n<p>Ideal for European customers looking to buy organic and vegan products from Spain with international shipping, while maintaining the essence of the Spanish supermarket.<\/p>","protected":false},"excerpt":{"rendered":"<p>BE PLUS Preparado de frutas, relajante ecol\u00f3gico BEPLUS 150 g. BE PLUS. Producto ecol\u00f3gico y vegano seleccionado en supermercado espa\u00f1ol, ideal para una alimentaci\u00f3n consciente y saludable.<\/p>","protected":false},"featured_media":187504,"template":"","meta":[],"product_brand":[],"product_cat":[353],"product_tag":[],"class_list":{"0":"post-187503","1":"product","2":"type-product","3":"status-publish","4":"has-post-thumbnail","6":"product_cat-bebidas-ecologicas","8":"first","9":"instock","10":"taxable","11":"shipping-taxable","12":"purchasable","13":"product-type-simple"},"_links":{"self":[{"href":"https:\/\/iber.market\/en\/wp-json\/wp\/v2\/product\/187503","targetHints":{"allow":["GET"]}}],"collection":[{"href":"https:\/\/iber.market\/en\/wp-json\/wp\/v2\/product"}],"about":[{"href":"https:\/\/iber.market\/en\/wp-json\/wp\/v2\/types\/product"}],"wp:featuredmedia":[{"embeddable":true,"href":"https:\/\/iber.market\/en\/wp-json\/wp\/v2\/media\/187504"}],"wp:attachment":[{"href":"https:\/\/iber.market\/en\/wp-json\/wp\/v2\/media?parent=187503"}],"wp:term":[{"taxonomy":"product_brand","embeddable":true,"href":"https:\/\/iber.market\/en\/wp-json\/wp\/v2\/product_brand?post=187503"},{"taxonomy":"product_cat","embeddable":true,"href":"https:\/\/iber.market\/en\/wp-json\/wp\/v2\/product_cat?post=187503"},{"taxonomy":"product_tag","embeddable":true,"href":"https:\/\/iber.market\/en\/wp-json\/wp\/v2\/product_tag?post=187503"}],"curies":[{"name":"wp","href":"https:\/\/api.w.org\/{rel}","templated":true}]}}