{"id":13178,"date":"2025-08-22T18:55:54","date_gmt":"2025-08-22T18:55:54","guid":{"rendered":"https:\/\/lightgreen-hyena-937059.hostingersite.com\/?post_type=product&#038;p=13178"},"modified":"2025-10-04T06:36:41","modified_gmt":"2025-10-04T06:36:41","slug":"barritas-de-fruta-y-miel-para-canarios-natura","status":"publish","type":"product","link":"https:\/\/iber.market\/en\/product\/barritas-de-fruta-y-miel-para-canarios-natura\/","title":{"rendered":"Fruit and honey bars for canaries Natura"},"content":{"rendered":"<p>Alimentos y snacks para p\u00e1jaros, elaborados para garantizar una dieta equilibrada y aportar la energ\u00eda que necesitan. Perfectos para canarios, periquitos y aves peque\u00f1as.<\/p>","protected":false},"excerpt":{"rendered":"<p>Alimentaci\u00f3n y snacks para p\u00e1jaros, con ingredientes seleccionados.<\/p>","protected":false},"featured_media":13179,"template":"","meta":[],"product_brand":[],"product_cat":[184],"product_tag":[],"class_list":{"0":"post-13178","1":"product","2":"type-product","3":"status-publish","4":"has-post-thumbnail","6":"product_cat-snacks-pajaros","8":"first","9":"instock","10":"taxable","11":"shipping-taxable","12":"purchasable","13":"product-type-simple"},"jetpack_sharing_enabled":true,"_links":{"self":[{"href":"https:\/\/iber.market\/en\/wp-json\/wp\/v2\/product\/13178","targetHints":{"allow":["GET"]}}],"collection":[{"href":"https:\/\/iber.market\/en\/wp-json\/wp\/v2\/product"}],"about":[{"href":"https:\/\/iber.market\/en\/wp-json\/wp\/v2\/types\/product"}],"wp:featuredmedia":[{"embeddable":true,"href":"https:\/\/iber.market\/en\/wp-json\/wp\/v2\/media\/13179"}],"wp:attachment":[{"href":"https:\/\/iber.market\/en\/wp-json\/wp\/v2\/media?parent=13178"}],"wp:term":[{"taxonomy":"product_brand","embeddable":true,"href":"https:\/\/iber.market\/en\/wp-json\/wp\/v2\/product_brand?post=13178"},{"taxonomy":"product_cat","embeddable":true,"href":"https:\/\/iber.market\/en\/wp-json\/wp\/v2\/product_cat?post=13178"},{"taxonomy":"product_tag","embeddable":true,"href":"https:\/\/iber.market\/en\/wp-json\/wp\/v2\/product_tag?post=13178"}],"curies":[{"name":"wp","href":"https:\/\/api.w.org\/{rel}","templated":true}]}}