{"id":12946,"date":"2025-08-21T23:14:34","date_gmt":"2025-08-21T23:14:34","guid":{"rendered":"https:\/\/lightgreen-hyena-937059.hostingersite.com\/?post_type=product&#038;p=12946"},"modified":"2025-10-04T06:36:01","modified_gmt":"2025-10-04T06:36:01","slug":"gelatina-gato-adulto-seleccion-de-pescado-quartett","status":"publish","type":"product","link":"https:\/\/iber.market\/en\/product\/gelatina-gato-adulto-seleccion-de-pescado-quartett\/","title":{"rendered":"Gelatina gato adulto selecci\u00f3n de pescado Quartett"},"content":{"rendered":"<p>Descubre nuestra selecci\u00f3n de productos para gatos: piensos secos, comida h\u00fameda, snacks irresistibles y soluciones de aseo e higiene. Todo lo que tu gato necesita para estar sano y feliz.<\/p>","protected":false},"excerpt":{"rendered":"<p>Alimentaci\u00f3n y cuidado de calidad para gatos, pensada para su bienestar diario.<\/p>","protected":false},"featured_media":12947,"template":"","meta":[],"product_brand":[],"product_cat":[173],"product_tag":[],"class_list":{"0":"post-12946","1":"product","2":"type-product","3":"status-publish","4":"has-post-thumbnail","6":"product_cat-alimentacion-humeda","8":"first","9":"instock","10":"taxable","11":"shipping-taxable","12":"purchasable","13":"product-type-simple"},"jetpack_sharing_enabled":true,"_links":{"self":[{"href":"https:\/\/iber.market\/en\/wp-json\/wp\/v2\/product\/12946","targetHints":{"allow":["GET"]}}],"collection":[{"href":"https:\/\/iber.market\/en\/wp-json\/wp\/v2\/product"}],"about":[{"href":"https:\/\/iber.market\/en\/wp-json\/wp\/v2\/types\/product"}],"wp:featuredmedia":[{"embeddable":true,"href":"https:\/\/iber.market\/en\/wp-json\/wp\/v2\/media\/12947"}],"wp:attachment":[{"href":"https:\/\/iber.market\/en\/wp-json\/wp\/v2\/media?parent=12946"}],"wp:term":[{"taxonomy":"product_brand","embeddable":true,"href":"https:\/\/iber.market\/en\/wp-json\/wp\/v2\/product_brand?post=12946"},{"taxonomy":"product_cat","embeddable":true,"href":"https:\/\/iber.market\/en\/wp-json\/wp\/v2\/product_cat?post=12946"},{"taxonomy":"product_tag","embeddable":true,"href":"https:\/\/iber.market\/en\/wp-json\/wp\/v2\/product_tag?post=12946"}],"curies":[{"name":"wp","href":"https:\/\/api.w.org\/{rel}","templated":true}]}}